{"id":3054,"date":"2021-08-12T11:50:29","date_gmt":"2021-08-12T11:50:29","guid":{"rendered":"https:\/\/santoslara.com\/?post_type=product&#038;p=3054\/"},"modified":"2024-09-18T20:49:35","modified_gmt":"2024-09-18T20:49:35","slug":"juegos-lineales-rectangulares","status":"publish","type":"product","link":"https:\/\/santoslara.com\/en\/producto\/juegos-lineales-rectangulares\/","title":{"rendered":"Juegos lineales rectangulares"},"content":{"rendered":"<p>[et_pb_section fb_built=&#8221;1&#8243; _builder_version=&#8221;4.16&#8243; custom_padding=&#8221;0px||||false|false&#8221; global_colors_info=&#8221;{}&#8221;][et_pb_row _builder_version=&#8221;4.16&#8243; background_size=&#8221;initial&#8221; background_position=&#8221;top_left&#8221; background_repeat=&#8221;repeat&#8221; width=&#8221;100%&#8221; custom_padding=&#8221;0px||0px||false|false&#8221; global_colors_info=&#8221;{}&#8221;][et_pb_column type=&#8221;4_4&#8243; _builder_version=&#8221;4.16&#8243; custom_padding=&#8221;|||&#8221; global_colors_info=&#8221;{}&#8221; custom_padding__hover=&#8221;|||&#8221;][et_pb_wc_breadcrumb _builder_version=&#8221;4.16&#8243; global_colors_info=&#8221;{}&#8221;][\/et_pb_wc_breadcrumb][et_pb_wc_cart_notice _builder_version=&#8221;4.16&#8243; global_colors_info=&#8221;{}&#8221;][\/et_pb_wc_cart_notice][\/et_pb_column][\/et_pb_row][et_pb_row column_structure=&#8221;3_5,2_5&#8243; _builder_version=&#8221;4.16&#8243; background_size=&#8221;initial&#8221; background_position=&#8221;top_left&#8221; background_repeat=&#8221;repeat&#8221; width=&#8221;100%&#8221; custom_padding=&#8221;0px||||false|false&#8221; global_colors_info=&#8221;{}&#8221;][et_pb_column type=&#8221;3_5&#8243; _builder_version=&#8221;4.16&#8243; custom_padding=&#8221;|||&#8221; global_colors_info=&#8221;{}&#8221; custom_padding__hover=&#8221;|||&#8221;][et_pb_wc_images force_fullwidth=&#8221;on&#8221; _builder_version=&#8221;4.16&#8243; global_colors_info=&#8221;{}&#8221;][\/et_pb_wc_images][\/et_pb_column][et_pb_column type=&#8221;2_5&#8243; _builder_version=&#8221;4.16&#8243; custom_padding=&#8221;|||&#8221; global_colors_info=&#8221;{}&#8221; custom_padding__hover=&#8221;|||&#8221;][et_pb_wc_title _builder_version=&#8221;4.16&#8243; global_colors_info=&#8221;{}&#8221;][\/et_pb_wc_title][et_pb_wc_rating _builder_version=&#8221;4.16&#8243; global_colors_info=&#8221;{}&#8221;][\/et_pb_wc_rating][et_pb_wc_price _builder_version=&#8221;4.16&#8243; global_colors_info=&#8221;{}&#8221;][\/et_pb_wc_price][et_pb_wc_description description_type=&#8221;description&#8221; _builder_version=&#8221;4.16&#8243; global_colors_info=&#8221;{}&#8221;][\/et_pb_wc_description][et_pb_wc_add_to_cart _builder_version=&#8221;4.16&#8243; global_colors_info=&#8221;{}&#8221;][\/et_pb_wc_add_to_cart][et_pb_wc_meta _builder_version=&#8221;4.16&#8243; global_colors_info=&#8221;{}&#8221;][\/et_pb_wc_meta][\/et_pb_column][\/et_pb_row][et_pb_row _builder_version=&#8221;4.16&#8243; background_size=&#8221;initial&#8221; background_position=&#8221;top_left&#8221; background_repeat=&#8221;repeat&#8221; width=&#8221;100%&#8221; locked=&#8221;off&#8221; global_colors_info=&#8221;{}&#8221;][et_pb_column type=&#8221;4_4&#8243; _builder_version=&#8221;4.16&#8243; custom_padding=&#8221;|||&#8221; global_colors_info=&#8221;{}&#8221; custom_padding__hover=&#8221;|||&#8221;][et_pb_wc_upsells _builder_version=&#8221;4.16&#8243; global_colors_info=&#8221;{}&#8221;][\/et_pb_wc_upsells][\/et_pb_column][\/et_pb_row][\/et_pb_section]<\/p>\n","protected":false},"excerpt":{"rendered":"","protected":false},"featured_media":2545,"template":"","meta":{"_et_pb_use_builder":"on","_et_pb_old_content":"<strong>Materials:<\/strong> Sterling silver\r\n\r\n<strong>These small stud earrings included in the Linear Games collection<\/strong> are sterling silver earrings inspired by geometric shapes. These simple, small pieces of jewellery are attached to the ear. Handmade and with all the care that goes into a handcrafted piece, <strong>a jewel with its own name.<\/strong>\r\n\r\n<strong>Measurements:<\/strong> 11.50 mm long 7.5 mm wide.\r\n\r\nIt is completely <strong>designed and handmade by me in my workshop in Madrid.<\/strong>\r\n\r\nIt is delivered in a card and wrapped in an envelope.\r\nThe package is sent by registered mail in a bubble envelope.\r\nThe delivery time is approximate, it may change depending on the location of the recipient.\r\n\r\n<strong>If you have any questions please<\/strong> do not hesitate to <strong>send me an email to contacto@santoslara.com<\/strong> I will be happy to assist you and offer my help as soon as possible.","_et_gb_content_width":""},"product_brand":[],"product_cat":[104,40],"product_tag":[107,106,108,73,109,64,110],"class_list":{"0":"post-3054","1":"product","2":"type-product","3":"status-publish","4":"has-post-thumbnail","6":"product_cat-pendiente-boton","7":"product_cat-pendientes","8":"product_tag-boton","9":"product_tag-ley","10":"product_tag-mini","11":"product_tag-pendientes","12":"product_tag-pequenos","13":"product_tag-plata","14":"product_tag-pompas","16":"first","17":"instock","18":"sold-individually","19":"taxable","20":"shipping-taxable","21":"purchasable","22":"product-type-simple"},"yoast_head":"<!-- This site is optimized with the Yoast SEO plugin v26.1.1 - https:\/\/yoast.com\/wordpress\/plugins\/seo\/ -->\n<title>Juegos lineales rectangulares - Santos Lara<\/title>\n<meta name=\"description\" content=\"Estos pendientes peque\u00f1os de bot\u00f3n que se incluyen en la colecci\u00f3n Juegos Lineales son pendientes de plata de ley inspirados en formas geom\u00e9tricas. Estas joyas sencillas y peque\u00f1as van pegadas a la oreja. Originales dise\u00f1os que se pueden llevar tanto de primer como de segundo agujero incluso combinarlos ente ellos para hacerte sentir de forma muy especial. Elaborados manualmente y con todos los cuidados que lleva una pieza artesanal.\" \/>\n<meta name=\"robots\" content=\"index, follow, max-snippet:-1, max-image-preview:large, max-video-preview:-1\" \/>\n<link rel=\"canonical\" href=\"https:\/\/santoslara.com\/en\/producto\/juegos-lineales-rectangulares\/\" \/>\n<meta property=\"og:locale\" content=\"en_US\" \/>\n<meta property=\"og:type\" content=\"article\" \/>\n<meta property=\"og:title\" content=\"Juegos lineales rectangulares - Santos Lara\" \/>\n<meta property=\"og:description\" content=\"Estos pendientes peque\u00f1os de bot\u00f3n que se incluyen en la colecci\u00f3n Juegos Lineales son pendientes de plata de ley inspirados en formas geom\u00e9tricas. Estas joyas sencillas y peque\u00f1as van pegadas a la oreja. Originales dise\u00f1os que se pueden llevar tanto de primer como de segundo agujero incluso combinarlos ente ellos para hacerte sentir de forma muy especial. Elaborados manualmente y con todos los cuidados que lleva una pieza artesanal.\" \/>\n<meta property=\"og:url\" content=\"https:\/\/santoslara.com\/en\/producto\/juegos-lineales-rectangulares\/\" \/>\n<meta property=\"og:site_name\" content=\"Santos Lara\" \/>\n<meta property=\"article:modified_time\" content=\"2024-09-18T20:49:35+00:00\" \/>\n<meta property=\"og:image\" content=\"https:\/\/santoslara.com\/wp-content\/uploads\/2020\/10\/PENDIENTES-CORTOS-RECTANGULARES.-JOYERIA-MINIMALISTAS.-REGALO-PARA-MADRE.-JOYAS-DE-PLATA-MODERNAS.-1024x764.png\" \/>\n\t<meta property=\"og:image:width\" content=\"1024\" \/>\n\t<meta property=\"og:image:height\" content=\"764\" \/>\n\t<meta property=\"og:image:type\" content=\"image\/png\" \/>\n<meta name=\"twitter:card\" content=\"summary_large_image\" \/>\n<meta name=\"twitter:label1\" content=\"Est. reading time\" \/>\n\t<meta name=\"twitter:data1\" content=\"7 minutes\" \/>\n<script type=\"application\/ld+json\" class=\"yoast-schema-graph\">{\"@context\":\"https:\/\/schema.org\",\"@graph\":[{\"@type\":\"WebPage\",\"@id\":\"https:\/\/santoslara.com\/en\/producto\/juegos-lineales-rectangulares\/\",\"url\":\"https:\/\/santoslara.com\/en\/producto\/juegos-lineales-rectangulares\/\",\"name\":\"Juegos lineales rectangulares - Santos Lara\",\"isPartOf\":{\"@id\":\"https:\/\/santoslara.com\/en\/#website\"},\"primaryImageOfPage\":{\"@id\":\"https:\/\/santoslara.com\/en\/producto\/juegos-lineales-rectangulares\/#primaryimage\"},\"image\":{\"@id\":\"https:\/\/santoslara.com\/en\/producto\/juegos-lineales-rectangulares\/#primaryimage\"},\"thumbnailUrl\":\"https:\/\/santoslara.com\/wp-content\/uploads\/2020\/10\/PENDIENTES-CORTOS-RECTANGULARES.-JOYERIA-MINIMALISTAS.-REGALO-PARA-MADRE.-JOYAS-DE-PLATA-MODERNAS..png\",\"datePublished\":\"2021-08-12T11:50:29+00:00\",\"dateModified\":\"2024-09-18T20:49:35+00:00\",\"description\":\"Estos pendientes peque\u00f1os de bot\u00f3n que se incluyen en la colecci\u00f3n Juegos Lineales son pendientes de plata de ley inspirados en formas geom\u00e9tricas. Estas joyas sencillas y peque\u00f1as van pegadas a la oreja. Originales dise\u00f1os que se pueden llevar tanto de primer como de segundo agujero incluso combinarlos ente ellos para hacerte sentir de forma muy especial. Elaborados manualmente y con todos los cuidados que lleva una pieza artesanal.\",\"breadcrumb\":{\"@id\":\"https:\/\/santoslara.com\/en\/producto\/juegos-lineales-rectangulares\/#breadcrumb\"},\"inLanguage\":\"en-US\",\"potentialAction\":[{\"@type\":\"ReadAction\",\"target\":[\"https:\/\/santoslara.com\/en\/producto\/juegos-lineales-rectangulares\/\"]}]},{\"@type\":\"ImageObject\",\"inLanguage\":\"en-US\",\"@id\":\"https:\/\/santoslara.com\/en\/producto\/juegos-lineales-rectangulares\/#primaryimage\",\"url\":\"https:\/\/santoslara.com\/wp-content\/uploads\/2020\/10\/PENDIENTES-CORTOS-RECTANGULARES.-JOYERIA-MINIMALISTAS.-REGALO-PARA-MADRE.-JOYAS-DE-PLATA-MODERNAS..png\",\"contentUrl\":\"https:\/\/santoslara.com\/wp-content\/uploads\/2020\/10\/PENDIENTES-CORTOS-RECTANGULARES.-JOYERIA-MINIMALISTAS.-REGALO-PARA-MADRE.-JOYAS-DE-PLATA-MODERNAS..png\",\"width\":2488,\"height\":1856},{\"@type\":\"BreadcrumbList\",\"@id\":\"https:\/\/santoslara.com\/en\/producto\/juegos-lineales-rectangulares\/#breadcrumb\",\"itemListElement\":[{\"@type\":\"ListItem\",\"position\":1,\"name\":\"Portada\",\"item\":\"https:\/\/santoslara.com\/en\/inicio\/\"},{\"@type\":\"ListItem\",\"position\":2,\"name\":\"Tienda\",\"item\":\"https:\/\/santoslara.com\/?page_id=38\/\"},{\"@type\":\"ListItem\",\"position\":3,\"name\":\"Juegos lineales rectangulares\"}]},{\"@type\":\"WebSite\",\"@id\":\"https:\/\/santoslara.com\/en\/#website\",\"url\":\"https:\/\/santoslara.com\/en\/\",\"name\":\"Santos Lara\",\"description\":\"Arte y Joyas\",\"publisher\":{\"@id\":\"https:\/\/santoslara.com\/en\/#\/schema\/person\/34d0b3aed668e756d65879f57dd92e94\"},\"potentialAction\":[{\"@type\":\"SearchAction\",\"target\":{\"@type\":\"EntryPoint\",\"urlTemplate\":\"https:\/\/santoslara.com\/en\/?s={search_term_string}\"},\"query-input\":{\"@type\":\"PropertyValueSpecification\",\"valueRequired\":true,\"valueName\":\"search_term_string\"}}],\"inLanguage\":\"en-US\"},{\"@type\":[\"Person\",\"Organization\"],\"@id\":\"https:\/\/santoslara.com\/en\/#\/schema\/person\/34d0b3aed668e756d65879f57dd92e94\",\"name\":\"SantosCarolina\",\"logo\":{\"@id\":\"https:\/\/santoslara.com\/en\/#\/schema\/person\/image\/\"}}]}<\/script>\n<!-- \/ Yoast SEO plugin. -->","yoast_head_json":{"title":"Juegos lineales rectangulares - Santos Lara","description":"Estos pendientes peque\u00f1os de bot\u00f3n que se incluyen en la colecci\u00f3n Juegos Lineales son pendientes de plata de ley inspirados en formas geom\u00e9tricas. Estas joyas sencillas y peque\u00f1as van pegadas a la oreja. Originales dise\u00f1os que se pueden llevar tanto de primer como de segundo agujero incluso combinarlos ente ellos para hacerte sentir de forma muy especial. Elaborados manualmente y con todos los cuidados que lleva una pieza artesanal.","robots":{"index":"index","follow":"follow","max-snippet":"max-snippet:-1","max-image-preview":"max-image-preview:large","max-video-preview":"max-video-preview:-1"},"canonical":"https:\/\/santoslara.com\/en\/producto\/juegos-lineales-rectangulares\/","og_locale":"en_US","og_type":"article","og_title":"Juegos lineales rectangulares - Santos Lara","og_description":"Estos pendientes peque\u00f1os de bot\u00f3n que se incluyen en la colecci\u00f3n Juegos Lineales son pendientes de plata de ley inspirados en formas geom\u00e9tricas. Estas joyas sencillas y peque\u00f1as van pegadas a la oreja. Originales dise\u00f1os que se pueden llevar tanto de primer como de segundo agujero incluso combinarlos ente ellos para hacerte sentir de forma muy especial. Elaborados manualmente y con todos los cuidados que lleva una pieza artesanal.","og_url":"https:\/\/santoslara.com\/en\/producto\/juegos-lineales-rectangulares\/","og_site_name":"Santos Lara","article_modified_time":"2024-09-18T20:49:35+00:00","og_image":[{"width":1024,"height":764,"url":"https:\/\/santoslara.com\/wp-content\/uploads\/2020\/10\/PENDIENTES-CORTOS-RECTANGULARES.-JOYERIA-MINIMALISTAS.-REGALO-PARA-MADRE.-JOYAS-DE-PLATA-MODERNAS.-1024x764.png","type":"image\/png"}],"twitter_card":"summary_large_image","twitter_misc":{"Est. reading time":"7 minutes"},"schema":{"@context":"https:\/\/schema.org","@graph":[{"@type":"WebPage","@id":"https:\/\/santoslara.com\/en\/producto\/juegos-lineales-rectangulares\/","url":"https:\/\/santoslara.com\/en\/producto\/juegos-lineales-rectangulares\/","name":"Juegos lineales rectangulares - Santos Lara","isPartOf":{"@id":"https:\/\/santoslara.com\/en\/#website"},"primaryImageOfPage":{"@id":"https:\/\/santoslara.com\/en\/producto\/juegos-lineales-rectangulares\/#primaryimage"},"image":{"@id":"https:\/\/santoslara.com\/en\/producto\/juegos-lineales-rectangulares\/#primaryimage"},"thumbnailUrl":"https:\/\/santoslara.com\/wp-content\/uploads\/2020\/10\/PENDIENTES-CORTOS-RECTANGULARES.-JOYERIA-MINIMALISTAS.-REGALO-PARA-MADRE.-JOYAS-DE-PLATA-MODERNAS..png","datePublished":"2021-08-12T11:50:29+00:00","dateModified":"2024-09-18T20:49:35+00:00","description":"Estos pendientes peque\u00f1os de bot\u00f3n que se incluyen en la colecci\u00f3n Juegos Lineales son pendientes de plata de ley inspirados en formas geom\u00e9tricas. Estas joyas sencillas y peque\u00f1as van pegadas a la oreja. Originales dise\u00f1os que se pueden llevar tanto de primer como de segundo agujero incluso combinarlos ente ellos para hacerte sentir de forma muy especial. Elaborados manualmente y con todos los cuidados que lleva una pieza artesanal.","breadcrumb":{"@id":"https:\/\/santoslara.com\/en\/producto\/juegos-lineales-rectangulares\/#breadcrumb"},"inLanguage":"en-US","potentialAction":[{"@type":"ReadAction","target":["https:\/\/santoslara.com\/en\/producto\/juegos-lineales-rectangulares\/"]}]},{"@type":"ImageObject","inLanguage":"en-US","@id":"https:\/\/santoslara.com\/en\/producto\/juegos-lineales-rectangulares\/#primaryimage","url":"https:\/\/santoslara.com\/wp-content\/uploads\/2020\/10\/PENDIENTES-CORTOS-RECTANGULARES.-JOYERIA-MINIMALISTAS.-REGALO-PARA-MADRE.-JOYAS-DE-PLATA-MODERNAS..png","contentUrl":"https:\/\/santoslara.com\/wp-content\/uploads\/2020\/10\/PENDIENTES-CORTOS-RECTANGULARES.-JOYERIA-MINIMALISTAS.-REGALO-PARA-MADRE.-JOYAS-DE-PLATA-MODERNAS..png","width":2488,"height":1856},{"@type":"BreadcrumbList","@id":"https:\/\/santoslara.com\/en\/producto\/juegos-lineales-rectangulares\/#breadcrumb","itemListElement":[{"@type":"ListItem","position":1,"name":"Portada","item":"https:\/\/santoslara.com\/en\/inicio\/"},{"@type":"ListItem","position":2,"name":"Tienda","item":"https:\/\/santoslara.com\/?page_id=38\/"},{"@type":"ListItem","position":3,"name":"Juegos lineales rectangulares"}]},{"@type":"WebSite","@id":"https:\/\/santoslara.com\/en\/#website","url":"https:\/\/santoslara.com\/en\/","name":"Santos Lara","description":"Arte y Joyas","publisher":{"@id":"https:\/\/santoslara.com\/en\/#\/schema\/person\/34d0b3aed668e756d65879f57dd92e94"},"potentialAction":[{"@type":"SearchAction","target":{"@type":"EntryPoint","urlTemplate":"https:\/\/santoslara.com\/en\/?s={search_term_string}"},"query-input":{"@type":"PropertyValueSpecification","valueRequired":true,"valueName":"search_term_string"}}],"inLanguage":"en-US"},{"@type":["Person","Organization"],"@id":"https:\/\/santoslara.com\/en\/#\/schema\/person\/34d0b3aed668e756d65879f57dd92e94","name":"SantosCarolina","logo":{"@id":"https:\/\/santoslara.com\/en\/#\/schema\/person\/image\/"}}]}},"_links":{"self":[{"href":"https:\/\/santoslara.com\/en\/wp-json\/wp\/v2\/product\/3054","targetHints":{"allow":["GET"]}}],"collection":[{"href":"https:\/\/santoslara.com\/en\/wp-json\/wp\/v2\/product"}],"about":[{"href":"https:\/\/santoslara.com\/en\/wp-json\/wp\/v2\/types\/product"}],"wp:featuredmedia":[{"embeddable":true,"href":"https:\/\/santoslara.com\/en\/wp-json\/wp\/v2\/media\/2545"}],"wp:attachment":[{"href":"https:\/\/santoslara.com\/en\/wp-json\/wp\/v2\/media?parent=3054"}],"wp:term":[{"taxonomy":"product_brand","embeddable":true,"href":"https:\/\/santoslara.com\/en\/wp-json\/wp\/v2\/product_brand?post=3054"},{"taxonomy":"product_cat","embeddable":true,"href":"https:\/\/santoslara.com\/en\/wp-json\/wp\/v2\/product_cat?post=3054"},{"taxonomy":"product_tag","embeddable":true,"href":"https:\/\/santoslara.com\/en\/wp-json\/wp\/v2\/product_tag?post=3054"}],"curies":[{"name":"wp","href":"https:\/\/api.w.org\/{rel}","templated":true}]}}