{"id":3046,"date":"2021-08-12T11:39:07","date_gmt":"2021-08-12T11:39:07","guid":{"rendered":"https:\/\/santoslara.com\/?post_type=product&#038;p=3046\/"},"modified":"2024-09-18T20:50:14","modified_gmt":"2024-09-18T20:50:14","slug":"juegos-lineales-cuadrados","status":"publish","type":"product","link":"https:\/\/santoslara.com\/en\/producto\/juegos-lineales-cuadrados\/","title":{"rendered":"Juegos lineales cuadrados"},"content":{"rendered":"<p>[et_pb_section fb_built=&#8221;1&#8243; _builder_version=&#8221;4.16&#8243; custom_padding=&#8221;0px||||false|false&#8221; global_colors_info=&#8221;{}&#8221;][et_pb_row _builder_version=&#8221;4.16&#8243; background_size=&#8221;initial&#8221; background_position=&#8221;top_left&#8221; background_repeat=&#8221;repeat&#8221; width=&#8221;100%&#8221; custom_padding=&#8221;0px||0px||false|false&#8221; global_colors_info=&#8221;{}&#8221;][et_pb_column type=&#8221;4_4&#8243; _builder_version=&#8221;4.16&#8243; custom_padding=&#8221;|||&#8221; global_colors_info=&#8221;{}&#8221; custom_padding__hover=&#8221;|||&#8221;][et_pb_wc_breadcrumb _builder_version=&#8221;4.16&#8243; global_colors_info=&#8221;{}&#8221;][\/et_pb_wc_breadcrumb][et_pb_wc_cart_notice _builder_version=&#8221;4.16&#8243; global_colors_info=&#8221;{}&#8221;][\/et_pb_wc_cart_notice][\/et_pb_column][\/et_pb_row][et_pb_row column_structure=&#8221;3_5,2_5&#8243; _builder_version=&#8221;4.16&#8243; background_size=&#8221;initial&#8221; background_position=&#8221;top_left&#8221; background_repeat=&#8221;repeat&#8221; width=&#8221;100%&#8221; custom_padding=&#8221;0px||||false|false&#8221; global_colors_info=&#8221;{}&#8221;][et_pb_column type=&#8221;3_5&#8243; _builder_version=&#8221;4.16&#8243; custom_padding=&#8221;|||&#8221; global_colors_info=&#8221;{}&#8221; custom_padding__hover=&#8221;|||&#8221;][et_pb_wc_images force_fullwidth=&#8221;on&#8221; _builder_version=&#8221;4.16&#8243; background_enable_color=&#8221;off&#8221; global_colors_info=&#8221;{}&#8221;][\/et_pb_wc_images][\/et_pb_column][et_pb_column type=&#8221;2_5&#8243; _builder_version=&#8221;4.16&#8243; custom_padding=&#8221;|||&#8221; global_colors_info=&#8221;{}&#8221; custom_padding__hover=&#8221;|||&#8221;][et_pb_wc_title _builder_version=&#8221;4.16&#8243; global_colors_info=&#8221;{}&#8221;][\/et_pb_wc_title][et_pb_wc_rating _builder_version=&#8221;4.16&#8243; global_colors_info=&#8221;{}&#8221;][\/et_pb_wc_rating][et_pb_wc_price _builder_version=&#8221;4.16&#8243; global_colors_info=&#8221;{}&#8221;][\/et_pb_wc_price][et_pb_wc_description description_type=&#8221;description&#8221; _builder_version=&#8221;4.16&#8243; global_colors_info=&#8221;{}&#8221;][\/et_pb_wc_description][et_pb_wc_add_to_cart _builder_version=&#8221;4.16&#8243; global_colors_info=&#8221;{}&#8221;][\/et_pb_wc_add_to_cart][et_pb_wc_meta _builder_version=&#8221;4.16&#8243; global_colors_info=&#8221;{}&#8221;][\/et_pb_wc_meta][\/et_pb_column][\/et_pb_row][et_pb_row _builder_version=&#8221;4.16&#8243; background_size=&#8221;initial&#8221; background_position=&#8221;top_left&#8221; background_repeat=&#8221;repeat&#8221; width=&#8221;100%&#8221; locked=&#8221;off&#8221; global_colors_info=&#8221;{}&#8221;][et_pb_column type=&#8221;4_4&#8243; _builder_version=&#8221;4.16&#8243; custom_padding=&#8221;|||&#8221; global_colors_info=&#8221;{}&#8221; custom_padding__hover=&#8221;|||&#8221;][et_pb_wc_upsells _builder_version=&#8221;4.16&#8243; global_colors_info=&#8221;{}&#8221;][\/et_pb_wc_upsells][\/et_pb_column][\/et_pb_row][\/et_pb_section]<\/p>\n","protected":false},"excerpt":{"rendered":"","protected":false},"featured_media":2483,"template":"","meta":{"_et_pb_use_builder":"on","_et_pb_old_content":"<strong>Materials:<\/strong> Sterling silver\r\n\r\n<strong>These small stud earrings included in the Linear Games collection<\/strong> are sterling silver earrings inspired by geometric shapes. These simple, small jewellery pieces are attached to the ear. Made from cast silver that has been rolled, cut and filed <strong>with the mastery of an authentic craftsman.<\/strong>\r\n\r\nHandmade and with all the care that a handmade piece of jewellery takes, <strong>jewellery with its own name.<\/strong>\r\n\r\n<strong>Measurements are:<\/strong> 7 mm long and 7 mm wide.\r\n\r\nIt is completely\u00a0<strong>designed and handmade by me in my workshop in Madrid.<\/strong>\r\n\r\nIt is delivered in a card and wrapped in an envelope.\r\nThe package is sent by registered mail in a bubble envelope.\r\nThe delivery time is approximate, it may change depending on the location of the recipient.\r\n\r\n<strong>If you have any questions please<\/strong>\u00a0do not hesitate to\u00a0<strong>send me an email to contacto@santoslara.com<\/strong>\u00a0I will be happy to assist you and offer my help as soon as possible.","_et_gb_content_width":""},"product_brand":[],"product_cat":[104,40],"product_tag":[107,106,108,73,109,64],"class_list":{"0":"post-3046","1":"product","2":"type-product","3":"status-publish","4":"has-post-thumbnail","6":"product_cat-pendiente-boton","7":"product_cat-pendientes","8":"product_tag-boton","9":"product_tag-ley","10":"product_tag-mini","11":"product_tag-pendientes","12":"product_tag-pequenos","13":"product_tag-plata","15":"first","16":"instock","17":"sold-individually","18":"taxable","19":"shipping-taxable","20":"purchasable","21":"product-type-simple"},"yoast_head":"<!-- This site is optimized with the Yoast SEO plugin v26.1.1 - https:\/\/yoast.com\/wordpress\/plugins\/seo\/ -->\n<title>Juegos lineales cuadrados - Santos Lara<\/title>\n<meta name=\"description\" content=\"Estos pendientes peque\u00f1os de bot\u00f3n que se incluyen en la colecci\u00f3n Juegos Lineales son pendientes de plata de ley inspirados en formas geom\u00e9tricas, en este modelo juego con las formas cuadradas a distintas alturas y tama\u00f1os.\" \/>\n<meta name=\"robots\" content=\"index, follow, max-snippet:-1, max-image-preview:large, max-video-preview:-1\" \/>\n<link rel=\"canonical\" href=\"https:\/\/santoslara.com\/en\/producto\/juegos-lineales-cuadrados\/\" \/>\n<meta property=\"og:locale\" content=\"en_US\" \/>\n<meta property=\"og:type\" content=\"article\" \/>\n<meta property=\"og:title\" content=\"Juegos lineales cuadrados - Santos Lara\" \/>\n<meta property=\"og:description\" content=\"Estos pendientes peque\u00f1os de bot\u00f3n que se incluyen en la colecci\u00f3n Juegos Lineales son pendientes de plata de ley inspirados en formas geom\u00e9tricas, en este modelo juego con las formas cuadradas a distintas alturas y tama\u00f1os.\" \/>\n<meta property=\"og:url\" content=\"https:\/\/santoslara.com\/en\/producto\/juegos-lineales-cuadrados\/\" \/>\n<meta property=\"og:site_name\" content=\"Santos Lara\" \/>\n<meta property=\"article:modified_time\" content=\"2024-09-18T20:50:14+00:00\" \/>\n<meta property=\"og:image\" content=\"https:\/\/santoslara.com\/wp-content\/uploads\/2020\/10\/MINI-PENDIENTES-DE-PLATA.-REGALO-PARA-MADRE.-DISENO-DE-MUJER.-JOYAS-MINIMALISTAS.-JOYERIA-GEOMETRICA.png\" \/>\n\t<meta property=\"og:image:width\" content=\"2280\" \/>\n\t<meta property=\"og:image:height\" content=\"1488\" \/>\n\t<meta property=\"og:image:type\" content=\"image\/png\" \/>\n<meta name=\"twitter:card\" content=\"summary_large_image\" \/>\n<meta name=\"twitter:label1\" content=\"Est. reading time\" \/>\n\t<meta name=\"twitter:data1\" content=\"7 minutes\" \/>\n<script type=\"application\/ld+json\" class=\"yoast-schema-graph\">{\"@context\":\"https:\/\/schema.org\",\"@graph\":[{\"@type\":\"WebPage\",\"@id\":\"https:\/\/santoslara.com\/en\/producto\/juegos-lineales-cuadrados\/\",\"url\":\"https:\/\/santoslara.com\/en\/producto\/juegos-lineales-cuadrados\/\",\"name\":\"Juegos lineales cuadrados - Santos Lara\",\"isPartOf\":{\"@id\":\"https:\/\/santoslara.com\/en\/#website\"},\"primaryImageOfPage\":{\"@id\":\"https:\/\/santoslara.com\/en\/producto\/juegos-lineales-cuadrados\/#primaryimage\"},\"image\":{\"@id\":\"https:\/\/santoslara.com\/en\/producto\/juegos-lineales-cuadrados\/#primaryimage\"},\"thumbnailUrl\":\"https:\/\/santoslara.com\/wp-content\/uploads\/2020\/10\/MINI-PENDIENTES-DE-PLATA.-REGALO-PARA-MADRE.-DISENO-DE-MUJER.-JOYAS-MINIMALISTAS.-JOYERIA-GEOMETRICA.png\",\"datePublished\":\"2021-08-12T11:39:07+00:00\",\"dateModified\":\"2024-09-18T20:50:14+00:00\",\"description\":\"Estos pendientes peque\u00f1os de bot\u00f3n que se incluyen en la colecci\u00f3n Juegos Lineales son pendientes de plata de ley inspirados en formas geom\u00e9tricas, en este modelo juego con las formas cuadradas a distintas alturas y tama\u00f1os.\",\"breadcrumb\":{\"@id\":\"https:\/\/santoslara.com\/en\/producto\/juegos-lineales-cuadrados\/#breadcrumb\"},\"inLanguage\":\"en-US\",\"potentialAction\":[{\"@type\":\"ReadAction\",\"target\":[\"https:\/\/santoslara.com\/en\/producto\/juegos-lineales-cuadrados\/\"]}]},{\"@type\":\"ImageObject\",\"inLanguage\":\"en-US\",\"@id\":\"https:\/\/santoslara.com\/en\/producto\/juegos-lineales-cuadrados\/#primaryimage\",\"url\":\"https:\/\/santoslara.com\/wp-content\/uploads\/2020\/10\/MINI-PENDIENTES-DE-PLATA.-REGALO-PARA-MADRE.-DISENO-DE-MUJER.-JOYAS-MINIMALISTAS.-JOYERIA-GEOMETRICA.png\",\"contentUrl\":\"https:\/\/santoslara.com\/wp-content\/uploads\/2020\/10\/MINI-PENDIENTES-DE-PLATA.-REGALO-PARA-MADRE.-DISENO-DE-MUJER.-JOYAS-MINIMALISTAS.-JOYERIA-GEOMETRICA.png\",\"width\":2280,\"height\":1488},{\"@type\":\"BreadcrumbList\",\"@id\":\"https:\/\/santoslara.com\/en\/producto\/juegos-lineales-cuadrados\/#breadcrumb\",\"itemListElement\":[{\"@type\":\"ListItem\",\"position\":1,\"name\":\"Portada\",\"item\":\"https:\/\/santoslara.com\/en\/inicio\/\"},{\"@type\":\"ListItem\",\"position\":2,\"name\":\"Tienda\",\"item\":\"https:\/\/santoslara.com\/?page_id=38\/\"},{\"@type\":\"ListItem\",\"position\":3,\"name\":\"Juegos lineales cuadrados\"}]},{\"@type\":\"WebSite\",\"@id\":\"https:\/\/santoslara.com\/en\/#website\",\"url\":\"https:\/\/santoslara.com\/en\/\",\"name\":\"Santos Lara\",\"description\":\"Arte y Joyas\",\"publisher\":{\"@id\":\"https:\/\/santoslara.com\/en\/#\/schema\/person\/34d0b3aed668e756d65879f57dd92e94\"},\"potentialAction\":[{\"@type\":\"SearchAction\",\"target\":{\"@type\":\"EntryPoint\",\"urlTemplate\":\"https:\/\/santoslara.com\/en\/?s={search_term_string}\"},\"query-input\":{\"@type\":\"PropertyValueSpecification\",\"valueRequired\":true,\"valueName\":\"search_term_string\"}}],\"inLanguage\":\"en-US\"},{\"@type\":[\"Person\",\"Organization\"],\"@id\":\"https:\/\/santoslara.com\/en\/#\/schema\/person\/34d0b3aed668e756d65879f57dd92e94\",\"name\":\"SantosCarolina\",\"logo\":{\"@id\":\"https:\/\/santoslara.com\/en\/#\/schema\/person\/image\/\"}}]}<\/script>\n<!-- \/ Yoast SEO plugin. -->","yoast_head_json":{"title":"Juegos lineales cuadrados - Santos Lara","description":"Estos pendientes peque\u00f1os de bot\u00f3n que se incluyen en la colecci\u00f3n Juegos Lineales son pendientes de plata de ley inspirados en formas geom\u00e9tricas, en este modelo juego con las formas cuadradas a distintas alturas y tama\u00f1os.","robots":{"index":"index","follow":"follow","max-snippet":"max-snippet:-1","max-image-preview":"max-image-preview:large","max-video-preview":"max-video-preview:-1"},"canonical":"https:\/\/santoslara.com\/en\/producto\/juegos-lineales-cuadrados\/","og_locale":"en_US","og_type":"article","og_title":"Juegos lineales cuadrados - Santos Lara","og_description":"Estos pendientes peque\u00f1os de bot\u00f3n que se incluyen en la colecci\u00f3n Juegos Lineales son pendientes de plata de ley inspirados en formas geom\u00e9tricas, en este modelo juego con las formas cuadradas a distintas alturas y tama\u00f1os.","og_url":"https:\/\/santoslara.com\/en\/producto\/juegos-lineales-cuadrados\/","og_site_name":"Santos Lara","article_modified_time":"2024-09-18T20:50:14+00:00","og_image":[{"width":2280,"height":1488,"url":"https:\/\/santoslara.com\/wp-content\/uploads\/2020\/10\/MINI-PENDIENTES-DE-PLATA.-REGALO-PARA-MADRE.-DISENO-DE-MUJER.-JOYAS-MINIMALISTAS.-JOYERIA-GEOMETRICA.png","type":"image\/png"}],"twitter_card":"summary_large_image","twitter_misc":{"Est. reading time":"7 minutes"},"schema":{"@context":"https:\/\/schema.org","@graph":[{"@type":"WebPage","@id":"https:\/\/santoslara.com\/en\/producto\/juegos-lineales-cuadrados\/","url":"https:\/\/santoslara.com\/en\/producto\/juegos-lineales-cuadrados\/","name":"Juegos lineales cuadrados - Santos Lara","isPartOf":{"@id":"https:\/\/santoslara.com\/en\/#website"},"primaryImageOfPage":{"@id":"https:\/\/santoslara.com\/en\/producto\/juegos-lineales-cuadrados\/#primaryimage"},"image":{"@id":"https:\/\/santoslara.com\/en\/producto\/juegos-lineales-cuadrados\/#primaryimage"},"thumbnailUrl":"https:\/\/santoslara.com\/wp-content\/uploads\/2020\/10\/MINI-PENDIENTES-DE-PLATA.-REGALO-PARA-MADRE.-DISENO-DE-MUJER.-JOYAS-MINIMALISTAS.-JOYERIA-GEOMETRICA.png","datePublished":"2021-08-12T11:39:07+00:00","dateModified":"2024-09-18T20:50:14+00:00","description":"Estos pendientes peque\u00f1os de bot\u00f3n que se incluyen en la colecci\u00f3n Juegos Lineales son pendientes de plata de ley inspirados en formas geom\u00e9tricas, en este modelo juego con las formas cuadradas a distintas alturas y tama\u00f1os.","breadcrumb":{"@id":"https:\/\/santoslara.com\/en\/producto\/juegos-lineales-cuadrados\/#breadcrumb"},"inLanguage":"en-US","potentialAction":[{"@type":"ReadAction","target":["https:\/\/santoslara.com\/en\/producto\/juegos-lineales-cuadrados\/"]}]},{"@type":"ImageObject","inLanguage":"en-US","@id":"https:\/\/santoslara.com\/en\/producto\/juegos-lineales-cuadrados\/#primaryimage","url":"https:\/\/santoslara.com\/wp-content\/uploads\/2020\/10\/MINI-PENDIENTES-DE-PLATA.-REGALO-PARA-MADRE.-DISENO-DE-MUJER.-JOYAS-MINIMALISTAS.-JOYERIA-GEOMETRICA.png","contentUrl":"https:\/\/santoslara.com\/wp-content\/uploads\/2020\/10\/MINI-PENDIENTES-DE-PLATA.-REGALO-PARA-MADRE.-DISENO-DE-MUJER.-JOYAS-MINIMALISTAS.-JOYERIA-GEOMETRICA.png","width":2280,"height":1488},{"@type":"BreadcrumbList","@id":"https:\/\/santoslara.com\/en\/producto\/juegos-lineales-cuadrados\/#breadcrumb","itemListElement":[{"@type":"ListItem","position":1,"name":"Portada","item":"https:\/\/santoslara.com\/en\/inicio\/"},{"@type":"ListItem","position":2,"name":"Tienda","item":"https:\/\/santoslara.com\/?page_id=38\/"},{"@type":"ListItem","position":3,"name":"Juegos lineales cuadrados"}]},{"@type":"WebSite","@id":"https:\/\/santoslara.com\/en\/#website","url":"https:\/\/santoslara.com\/en\/","name":"Santos Lara","description":"Arte y Joyas","publisher":{"@id":"https:\/\/santoslara.com\/en\/#\/schema\/person\/34d0b3aed668e756d65879f57dd92e94"},"potentialAction":[{"@type":"SearchAction","target":{"@type":"EntryPoint","urlTemplate":"https:\/\/santoslara.com\/en\/?s={search_term_string}"},"query-input":{"@type":"PropertyValueSpecification","valueRequired":true,"valueName":"search_term_string"}}],"inLanguage":"en-US"},{"@type":["Person","Organization"],"@id":"https:\/\/santoslara.com\/en\/#\/schema\/person\/34d0b3aed668e756d65879f57dd92e94","name":"SantosCarolina","logo":{"@id":"https:\/\/santoslara.com\/en\/#\/schema\/person\/image\/"}}]}},"_links":{"self":[{"href":"https:\/\/santoslara.com\/en\/wp-json\/wp\/v2\/product\/3046","targetHints":{"allow":["GET"]}}],"collection":[{"href":"https:\/\/santoslara.com\/en\/wp-json\/wp\/v2\/product"}],"about":[{"href":"https:\/\/santoslara.com\/en\/wp-json\/wp\/v2\/types\/product"}],"wp:featuredmedia":[{"embeddable":true,"href":"https:\/\/santoslara.com\/en\/wp-json\/wp\/v2\/media\/2483"}],"wp:attachment":[{"href":"https:\/\/santoslara.com\/en\/wp-json\/wp\/v2\/media?parent=3046"}],"wp:term":[{"taxonomy":"product_brand","embeddable":true,"href":"https:\/\/santoslara.com\/en\/wp-json\/wp\/v2\/product_brand?post=3046"},{"taxonomy":"product_cat","embeddable":true,"href":"https:\/\/santoslara.com\/en\/wp-json\/wp\/v2\/product_cat?post=3046"},{"taxonomy":"product_tag","embeddable":true,"href":"https:\/\/santoslara.com\/en\/wp-json\/wp\/v2\/product_tag?post=3046"}],"curies":[{"name":"wp","href":"https:\/\/api.w.org\/{rel}","templated":true}]}}