{"id":3656,"date":"2019-10-25T11:37:47","date_gmt":"2019-10-25T11:37:47","guid":{"rendered":"https:\/\/santoslara.com\/?page_id=3656\/"},"modified":"2024-09-07T20:27:20","modified_gmt":"2024-09-07T20:27:20","slug":"pendientes","status":"publish","type":"page","link":"https:\/\/santoslara.com\/en\/pendientes\/","title":{"rendered":"Earrings"},"content":{"rendered":"<p>[et_pb_section fb_built=&#8221;1&#8243; fullwidth=&#8221;on&#8221; disabled_on=&#8221;on|on|off&#8221; _builder_version=&#8221;4.24.2&#8243; _module_preset=&#8221;default&#8221; global_colors_info=&#8221;{}&#8221;][et_pb_fullwidth_slider _builder_version=&#8221;4.24.2&#8243; _module_preset=&#8221;default&#8221; background_enable_color=&#8221;off&#8221; custom_padding=&#8221;227px||244px|||&#8221; link_option_url=&#8221;https:\/\/santoslara.com\/tienda-2\/&#8221; locked=&#8221;off&#8221; global_colors_info=&#8221;{}&#8221;][et_pb_slide heading=&#8221;Jewelry with its own name&#8221; button_link=&#8221;https:\/\/santoslara.com\/tienda-2\/&#8221; _builder_version=&#8221;4.24.2&#8243; _module_preset=&#8221;default&#8221; header_text_color=&#8221;#FFFFFF&#8221; background_enable_color=&#8221;off&#8221; background_image=&#8221;https:\/\/santoslara.com\/wp-content\/uploads\/2024\/06\/espectacular-pendientes-de-diseno-de-SantosLara-lara-en-plata-con-agata-musgosa-morada.png&#8221; background_enable_image=&#8221;on&#8221; custom_button=&#8221;on&#8221; button_text_color=&#8221;#FFFFFF&#8221; button_bg_color=&#8221;#F68A85&#8243; text_orientation=&#8221;right&#8221; text_shadow_style=&#8221;preset2&#8243; text_shadow_color=&#8221;#000000&#8243; locked=&#8221;off&#8221; global_colors_info=&#8221;{}&#8221; sticky_transition=&#8221;on&#8221;][\/et_pb_slide][et_pb_slide heading=&#8221;Pure Craftsmanship&#8221; button_link=&#8221;https:\/\/santoslara.com\/tienda-2\/&#8221; _builder_version=&#8221;4.24.2&#8243; _module_preset=&#8221;default&#8221; header_text_color=&#8221;#FFFFFF&#8221; background_color=&#8221;#198B91&#8243; background_enable_color=&#8221;on&#8221; background_image=&#8221;https:\/\/santoslara.com\/wp-content\/uploads\/2024\/06\/impresionantes-pendientes-de-llamas-en-plata-de-lay-hechos-a-mano-por-Santos-Lara.png&#8221; background_enable_image=&#8221;on&#8221; custom_button=&#8221;on&#8221; button_text_color=&#8221;#FFFFFF&#8221; button_bg_color=&#8221;#F68A85&#8243; text_orientation=&#8221;right&#8221; text_shadow_style=&#8221;preset2&#8243; text_shadow_color=&#8221;#000000&#8243; locked=&#8221;off&#8221; global_colors_info=&#8221;{}&#8221; sticky_transition=&#8221;on&#8221;][\/et_pb_slide][et_pb_slide heading=&#8221;unique, original and different jewelry&#8221; button_link=&#8221;https:\/\/santoslara.com\/tienda-2\/&#8221; _builder_version=&#8221;4.24.2&#8243; _module_preset=&#8221;default&#8221; header_text_align=&#8221;left&#8221; header_text_color=&#8221;#FFFFFF&#8221; header_letter_spacing=&#8221;0px&#8221; background_color=&#8221;#198B91&#8243; background_enable_color=&#8221;on&#8221; background_image=&#8221;https:\/\/santoslara.com\/wp-content\/uploads\/2024\/06\/pendientes-de-carpa-koi-Artesanales-por-santos-Lara-arte-y-jotas-de-plata-de-ley-con-perla-cultiva.png&#8221; background_enable_image=&#8221;on&#8221; custom_button=&#8221;on&#8221; button_text_color=&#8221;#FFFFFF&#8221; button_bg_color=&#8221;#F68A85&#8243; text_orientation=&#8221;right&#8221; text_shadow_style=&#8221;preset2&#8243; text_shadow_color=&#8221;#000000&#8243; locked=&#8221;off&#8221; global_colors_info=&#8221;{}&#8221; sticky_transition=&#8221;on&#8221;][\/et_pb_slide][\/et_pb_fullwidth_slider][\/et_pb_section][et_pb_section fb_built=&#8221;1&#8243; fullwidth=&#8221;on&#8221; disabled_on=&#8221;off|off|on&#8221; _builder_version=&#8221;4.24.2&#8243; _module_preset=&#8221;default&#8221; global_colors_info=&#8221;{}&#8221;][et_pb_fullwidth_slider _builder_version=&#8221;4.24.2&#8243; _module_preset=&#8221;default&#8221; background_enable_color=&#8221;off&#8221; custom_padding=&#8221;55px||183px|||&#8221; link_option_url=&#8221;https:\/\/santoslara.com\/tienda-2\/&#8221; locked=&#8221;off&#8221; global_colors_info=&#8221;{}&#8221;][et_pb_slide heading=&#8221;Jewelry with its own name&#8221; button_link=&#8221;https:\/\/santoslara.com\/tienda-2\/&#8221; _builder_version=&#8221;4.24.2&#8243; _module_preset=&#8221;default&#8221; header_text_color=&#8221;#FFFFFF&#8221; background_enable_color=&#8221;off&#8221; background_image=&#8221;https:\/\/santoslara.com\/wp-content\/uploads\/2024\/06\/espectacular-pendientes-de-diseno-de-SantosLara-lara-en-plata-con-agata-musgosa-morada.png&#8221; background_enable_image=&#8221;on&#8221; custom_button=&#8221;on&#8221; button_text_color=&#8221;#FFFFFF&#8221; button_bg_color=&#8221;#F68A85&#8243; text_orientation=&#8221;right&#8221; text_shadow_style=&#8221;preset2&#8243; text_shadow_color=&#8221;#000000&#8243; locked=&#8221;off&#8221; global_colors_info=&#8221;{}&#8221; sticky_transition=&#8221;on&#8221;][\/et_pb_slide][et_pb_slide heading=&#8221;Pure Craftsmanship&#8221; button_link=&#8221;https:\/\/santoslara.com\/tienda-2\/&#8221; _builder_version=&#8221;4.24.2&#8243; _module_preset=&#8221;default&#8221; header_text_color=&#8221;#FFFFFF&#8221; background_color=&#8221;#198B91&#8243; background_enable_color=&#8221;on&#8221; background_image=&#8221;https:\/\/santoslara.com\/wp-content\/uploads\/2024\/06\/impresionantes-pendientes-de-llamas-en-plata-de-lay-hechos-a-mano-por-Santos-Lara.png&#8221; background_enable_image=&#8221;on&#8221; custom_button=&#8221;on&#8221; button_text_color=&#8221;#FFFFFF&#8221; button_bg_color=&#8221;#F68A85&#8243; text_orientation=&#8221;left&#8221; locked=&#8221;off&#8221; global_colors_info=&#8221;{}&#8221; sticky_transition=&#8221;on&#8221;][\/et_pb_slide][et_pb_slide heading=&#8221;unique, original and different jewelry&#8221; button_link=&#8221;https:\/\/santoslara.com\/tienda-2\/&#8221; _builder_version=&#8221;4.24.2&#8243; _module_preset=&#8221;default&#8221; header_text_color=&#8221;#FFFFFF&#8221; background_color=&#8221;#198B91&#8243; background_enable_color=&#8221;on&#8221; background_image=&#8221;https:\/\/santoslara.com\/wp-content\/uploads\/2024\/06\/pendientes-de-carpa-koi-Artesanales-por-santos-Lara-arte-y-jotas-de-plata-de-ley-con-perla-cultiva.png&#8221; background_enable_image=&#8221;on&#8221; custom_button=&#8221;on&#8221; button_text_color=&#8221;#FFFFFF&#8221; button_bg_color=&#8221;#F68A85&#8243; text_orientation=&#8221;left&#8221; locked=&#8221;off&#8221; global_colors_info=&#8221;{}&#8221; sticky_transition=&#8221;on&#8221;][\/et_pb_slide][\/et_pb_fullwidth_slider][\/et_pb_section][et_pb_section fb_built=&#8221;1&#8243; prev_background_color=&#8221;#ffffff&#8221; next_background_color=&#8221;#ffffff&#8221; _builder_version=&#8221;4.16&#8243; background_color=&#8221;#e2e2e2&#8243; use_background_color_gradient=&#8221;on&#8221; background_color_gradient_stops=&#8221;#ffffff 0%|#f6ba85 100%&#8221; background_color_gradient_start=&#8221;#ffffff&#8221; background_color_gradient_end=&#8221;#f6ba85&#8243; custom_padding=&#8221;121px||112px|||&#8221; top_divider_style=&#8221;arrow3&#8243; bottom_divider_style=&#8221;arrow3&#8243; global_colors_info=&#8221;{}&#8221;][et_pb_row module_id=&#8221;ejemplo2&#8243; _builder_version=&#8221;4.16&#8243; global_colors_info=&#8221;{}&#8221;][et_pb_column type=&#8221;4_4&#8243; _builder_version=&#8221;4.16&#8243; custom_padding=&#8221;|||&#8221; global_colors_info=&#8221;{}&#8221; custom_padding__hover=&#8221;|||&#8221;][et_pb_blurb _builder_version=&#8221;4.24.2&#8243; global_colors_info=&#8221;{}&#8221;]<\/p>\n<h2 style=\"text-align: center;\">All the jewels on display are handcrafted and set with natural stones, each one with its own characteristics, colors and veins. That is why each pendant on display is unique, original and different.<\/h2>\n<p>[\/et_pb_blurb][\/et_pb_column][\/et_pb_row][\/et_pb_section][et_pb_section fb_built=&#8221;1&#8243; module_id=&#8221;ejemplo2&#8243; _builder_version=&#8221;4.16&#8243; global_colors_info=&#8221;{}&#8221;][et_pb_row module_id=&#8221;Ovales&#8221; _builder_version=&#8221;4.16&#8243; background_size=&#8221;initial&#8221; background_position=&#8221;top_left&#8221; background_repeat=&#8221;repeat&#8221; width=&#8221;85%&#8221; max_width=&#8221;2090px&#8221; module_alignment=&#8221;center&#8221; animation_style=&#8221;fade&#8221; global_colors_info=&#8221;{}&#8221;][et_pb_column type=&#8221;4_4&#8243; _builder_version=&#8221;4.16&#8243; custom_padding=&#8221;|||&#8221; global_colors_info=&#8221;{}&#8221; custom_padding__hover=&#8221;|||&#8221;][et_pb_shop type=&#8221;product_category&#8221; posts_number=&#8221;50&#8243; include_categories=&#8221;100,104,101,102,105&#8243; columns_number=&#8221;4&#8243; orderby=&#8221;date-desc&#8221; module_id=&#8221;Ovales&#8221; _builder_version=&#8221;4.16&#8243; price_text_color=&#8221;#f43d33&#8243; box_shadow_style_image=&#8221;preset1&#8243; box_shadow_horizontal_image=&#8221;1px&#8221; box_shadow_blur_image=&#8221;19px&#8221; global_colors_info=&#8221;{}&#8221;]<\/p>\n<p>\u00a0<\/p>\n<p>[\/et_pb_shop][\/et_pb_column][\/et_pb_row][\/et_pb_section][et_pb_section fb_built=&#8221;1&#8243; prev_background_color=&#8221;#ffffff&#8221; _builder_version=&#8221;4.24.2&#8243; background_color=&#8221;#F6BA85&#8243; background_image=&#8221;https:\/\/santoslara.com\/wp-content\/uploads\/2024\/07\/COL-77-E.png&#8221; background_blend=&#8221;multiply&#8221; custom_padding=&#8221;209px||38px|||&#8221; top_divider_style=&#8221;arrow2&#8243; animation_style=&#8221;fade&#8221; hover_enabled=&#8221;0&#8243; global_colors_info=&#8221;{}&#8221; sticky_enabled=&#8221;0&#8243; alt=&#8221;Sum\u00e9rgete en la belleza natural con nuestro colgante de plata y \u00e1gata plume.&#8221; title_text=&#8221;Descubre la elegancia atemporal del colgante de plata con \u00e1gata plume natural.&#8221;][et_pb_row _builder_version=&#8221;4.16&#8243; global_colors_info=&#8221;{}&#8221;][et_pb_column type=&#8221;4_4&#8243; _builder_version=&#8221;4.16&#8243; custom_padding=&#8221;|||&#8221; global_colors_info=&#8221;{}&#8221; custom_padding__hover=&#8221;|||&#8221;][et_pb_cta title=&#8221;Don&#8217;t miss my section of&#8221; button_url=&#8221;https:\/\/santoslara.com\/en\/colgantes\/&#8221; button_text=&#8221;Pendants&#8221; _builder_version=&#8221;4.17.3&#8243; body_font=&#8221;Lato||||&#8221; body_font_size=&#8221;16&#8243; use_background_color=&#8221;off&#8221; custom_button=&#8221;on&#8221; button_text_color=&#8221;#ffffff&#8221; button_text_color_hover=&#8221;#67bf74&#8243; button_bg_color_hover=&#8221;#ffffff&#8221; global_colors_info=&#8221;{}&#8221; button_text_size__hover_enabled=&#8221;off&#8221; button_one_text_size__hover_enabled=&#8221;off&#8221; button_two_text_size__hover_enabled=&#8221;off&#8221; button_text_color__hover_enabled=&#8221;on&#8221; button_text_color__hover=&#8221;#67bf74&#8243; button_one_text_color__hover_enabled=&#8221;off&#8221; button_two_text_color__hover_enabled=&#8221;off&#8221; button_border_width__hover_enabled=&#8221;off&#8221; button_one_border_width__hover_enabled=&#8221;off&#8221; button_two_border_width__hover_enabled=&#8221;off&#8221; button_border_color__hover_enabled=&#8221;off&#8221; button_one_border_color__hover_enabled=&#8221;off&#8221; button_two_border_color__hover_enabled=&#8221;off&#8221; button_border_radius__hover_enabled=&#8221;off&#8221; button_one_border_radius__hover_enabled=&#8221;off&#8221; button_two_border_radius__hover_enabled=&#8221;off&#8221; button_letter_spacing__hover_enabled=&#8221;off&#8221; button_one_letter_spacing__hover_enabled=&#8221;off&#8221; button_two_letter_spacing__hover_enabled=&#8221;off&#8221; button_bg_color__hover_enabled=&#8221;on&#8221; button_bg_color__hover=&#8221;#ffffff&#8221; button_one_bg_color__hover_enabled=&#8221;off&#8221; button_two_bg_color__hover_enabled=&#8221;off&#8221;][\/et_pb_cta][\/et_pb_column][\/et_pb_row][\/et_pb_section]<\/p>\n","protected":false},"excerpt":{"rendered":"<p>All the jewels on display are handcrafted and set with natural stones, each one with its own characteristics, colors and veins. That is why each pendant on display is unique, original and different.\u00a0<\/p>\n","protected":false},"author":1,"featured_media":0,"parent":0,"menu_order":0,"comment_status":"closed","ping_status":"closed","template":"","meta":{"_et_pb_use_builder":"on","_et_pb_old_content":"","_et_gb_content_width":"","footnotes":""},"class_list":["post-3656","page","type-page","status-publish","hentry"],"yoast_head":"<!-- This site is optimized with the Yoast SEO plugin v26.1.1 - https:\/\/yoast.com\/wordpress\/plugins\/seo\/ -->\n<title>Santos Lara - Pendientes artesanales de fantas\u00eda Madrid<\/title>\n<meta name=\"description\" content=\"Handmade fantasy earrings in sterling silver and gold. Handmade by an expert local jeweler in Alcorc\u00f3n, Madrid. Original and different design jewelry\" \/>\n<meta name=\"robots\" content=\"index, follow, max-snippet:-1, max-image-preview:large, max-video-preview:-1\" \/>\n<link rel=\"canonical\" href=\"https:\/\/santoslara.com\/en\/pendientes\/\" \/>\n<meta property=\"og:locale\" content=\"en_US\" \/>\n<meta property=\"og:type\" content=\"article\" \/>\n<meta property=\"og:title\" content=\"Santos Lara - Pendientes artesanales de fantas\u00eda Madrid\" \/>\n<meta property=\"og:description\" content=\"Handmade fantasy earrings in sterling silver and gold. Handmade by an expert local jeweler in Alcorc\u00f3n, Madrid. Original and different design jewelry\" \/>\n<meta property=\"og:url\" content=\"https:\/\/santoslara.com\/en\/pendientes\/\" \/>\n<meta property=\"og:site_name\" content=\"Santos Lara\" \/>\n<meta property=\"article:modified_time\" content=\"2024-09-07T20:27:20+00:00\" \/>\n<meta name=\"twitter:card\" content=\"summary_large_image\" \/>\n<meta name=\"twitter:label1\" content=\"Est. reading time\" \/>\n\t<meta name=\"twitter:data1\" content=\"3 minutes\" \/>\n<script type=\"application\/ld+json\" class=\"yoast-schema-graph\">{\"@context\":\"https:\/\/schema.org\",\"@graph\":[{\"@type\":\"WebPage\",\"@id\":\"https:\/\/santoslara.com\/en\/pendientes\/\",\"url\":\"https:\/\/santoslara.com\/en\/pendientes\/\",\"name\":\"Santos Lara - Pendientes artesanales de fantas\u00eda Madrid\",\"isPartOf\":{\"@id\":\"https:\/\/santoslara.com\/en\/#website\"},\"datePublished\":\"2019-10-25T11:37:47+00:00\",\"dateModified\":\"2024-09-07T20:27:20+00:00\",\"description\":\"Handmade fantasy earrings in sterling silver and gold. Handmade by an expert local jeweler in Alcorc\u00f3n, Madrid. Original and different design jewelry\",\"breadcrumb\":{\"@id\":\"https:\/\/santoslara.com\/en\/pendientes\/#breadcrumb\"},\"inLanguage\":\"en-US\",\"potentialAction\":[{\"@type\":\"ReadAction\",\"target\":[\"https:\/\/santoslara.com\/en\/pendientes\/\"]}]},{\"@type\":\"BreadcrumbList\",\"@id\":\"https:\/\/santoslara.com\/en\/pendientes\/#breadcrumb\",\"itemListElement\":[{\"@type\":\"ListItem\",\"position\":1,\"name\":\"Portada\",\"item\":\"https:\/\/santoslara.com\/en\/inicio\/\"},{\"@type\":\"ListItem\",\"position\":2,\"name\":\"Earrings\"}]},{\"@type\":\"WebSite\",\"@id\":\"https:\/\/santoslara.com\/en\/#website\",\"url\":\"https:\/\/santoslara.com\/en\/\",\"name\":\"Santos Lara\",\"description\":\"Arte y Joyas\",\"publisher\":{\"@id\":\"https:\/\/santoslara.com\/en\/#\/schema\/person\/34d0b3aed668e756d65879f57dd92e94\"},\"potentialAction\":[{\"@type\":\"SearchAction\",\"target\":{\"@type\":\"EntryPoint\",\"urlTemplate\":\"https:\/\/santoslara.com\/en\/?s={search_term_string}\"},\"query-input\":{\"@type\":\"PropertyValueSpecification\",\"valueRequired\":true,\"valueName\":\"search_term_string\"}}],\"inLanguage\":\"en-US\"},{\"@type\":[\"Person\",\"Organization\"],\"@id\":\"https:\/\/santoslara.com\/en\/#\/schema\/person\/34d0b3aed668e756d65879f57dd92e94\",\"name\":\"SantosCarolina\",\"logo\":{\"@id\":\"https:\/\/santoslara.com\/en\/#\/schema\/person\/image\/\"}}]}<\/script>\n<!-- \/ Yoast SEO plugin. -->","yoast_head_json":{"title":"Santos Lara - Pendientes artesanales de fantas\u00eda Madrid","description":"Handmade fantasy earrings in sterling silver and gold. Handmade by an expert local jeweler in Alcorc\u00f3n, Madrid. Original and different design jewelry","robots":{"index":"index","follow":"follow","max-snippet":"max-snippet:-1","max-image-preview":"max-image-preview:large","max-video-preview":"max-video-preview:-1"},"canonical":"https:\/\/santoslara.com\/en\/pendientes\/","og_locale":"en_US","og_type":"article","og_title":"Santos Lara - Pendientes artesanales de fantas\u00eda Madrid","og_description":"Handmade fantasy earrings in sterling silver and gold. Handmade by an expert local jeweler in Alcorc\u00f3n, Madrid. Original and different design jewelry","og_url":"https:\/\/santoslara.com\/en\/pendientes\/","og_site_name":"Santos Lara","article_modified_time":"2024-09-07T20:27:20+00:00","twitter_card":"summary_large_image","twitter_misc":{"Est. reading time":"3 minutes"},"schema":{"@context":"https:\/\/schema.org","@graph":[{"@type":"WebPage","@id":"https:\/\/santoslara.com\/en\/pendientes\/","url":"https:\/\/santoslara.com\/en\/pendientes\/","name":"Santos Lara - Pendientes artesanales de fantas\u00eda Madrid","isPartOf":{"@id":"https:\/\/santoslara.com\/en\/#website"},"datePublished":"2019-10-25T11:37:47+00:00","dateModified":"2024-09-07T20:27:20+00:00","description":"Handmade fantasy earrings in sterling silver and gold. Handmade by an expert local jeweler in Alcorc\u00f3n, Madrid. Original and different design jewelry","breadcrumb":{"@id":"https:\/\/santoslara.com\/en\/pendientes\/#breadcrumb"},"inLanguage":"en-US","potentialAction":[{"@type":"ReadAction","target":["https:\/\/santoslara.com\/en\/pendientes\/"]}]},{"@type":"BreadcrumbList","@id":"https:\/\/santoslara.com\/en\/pendientes\/#breadcrumb","itemListElement":[{"@type":"ListItem","position":1,"name":"Portada","item":"https:\/\/santoslara.com\/en\/inicio\/"},{"@type":"ListItem","position":2,"name":"Earrings"}]},{"@type":"WebSite","@id":"https:\/\/santoslara.com\/en\/#website","url":"https:\/\/santoslara.com\/en\/","name":"Santos Lara","description":"Arte y Joyas","publisher":{"@id":"https:\/\/santoslara.com\/en\/#\/schema\/person\/34d0b3aed668e756d65879f57dd92e94"},"potentialAction":[{"@type":"SearchAction","target":{"@type":"EntryPoint","urlTemplate":"https:\/\/santoslara.com\/en\/?s={search_term_string}"},"query-input":{"@type":"PropertyValueSpecification","valueRequired":true,"valueName":"search_term_string"}}],"inLanguage":"en-US"},{"@type":["Person","Organization"],"@id":"https:\/\/santoslara.com\/en\/#\/schema\/person\/34d0b3aed668e756d65879f57dd92e94","name":"SantosCarolina","logo":{"@id":"https:\/\/santoslara.com\/en\/#\/schema\/person\/image\/"}}]}},"_links":{"self":[{"href":"https:\/\/santoslara.com\/en\/wp-json\/wp\/v2\/pages\/3656","targetHints":{"allow":["GET"]}}],"collection":[{"href":"https:\/\/santoslara.com\/en\/wp-json\/wp\/v2\/pages"}],"about":[{"href":"https:\/\/santoslara.com\/en\/wp-json\/wp\/v2\/types\/page"}],"author":[{"embeddable":true,"href":"https:\/\/santoslara.com\/en\/wp-json\/wp\/v2\/users\/1"}],"replies":[{"embeddable":true,"href":"https:\/\/santoslara.com\/en\/wp-json\/wp\/v2\/comments?post=3656"}],"version-history":[{"count":21,"href":"https:\/\/santoslara.com\/en\/wp-json\/wp\/v2\/pages\/3656\/revisions"}],"predecessor-version":[{"id":5578,"href":"https:\/\/santoslara.com\/en\/wp-json\/wp\/v2\/pages\/3656\/revisions\/5578"}],"wp:attachment":[{"href":"https:\/\/santoslara.com\/en\/wp-json\/wp\/v2\/media?parent=3656"}],"curies":[{"name":"wp","href":"https:\/\/api.w.org\/{rel}","templated":true}]}}