{"id":3598,"date":"2017-01-26T18:48:43","date_gmt":"2017-01-26T18:48:43","guid":{"rendered":"https:\/\/santoslara.com\/?page_id=3598\/"},"modified":"2024-09-07T20:33:34","modified_gmt":"2024-09-07T20:33:34","slug":"colgantes","status":"publish","type":"page","link":"https:\/\/santoslara.com\/en\/colgantes\/","title":{"rendered":"Pendants"},"content":{"rendered":"<p>[et_pb_section fb_built=&#8221;1&#8243; fullwidth=&#8221;on&#8221; disabled_on=&#8221;on|on|off&#8221; _builder_version=&#8221;4.24.2&#8243; _module_preset=&#8221;default&#8221; global_colors_info=&#8221;{}&#8221;][et_pb_fullwidth_slider _builder_version=&#8221;4.24.2&#8243; _module_preset=&#8221;default&#8221; background_enable_color=&#8221;off&#8221; custom_padding=&#8221;268px||255px|||&#8221; link_option_url=&#8221;https:\/\/santoslara.com\/tienda-2\/&#8221; locked=&#8221;off&#8221; global_colors_info=&#8221;{}&#8221;][et_pb_slide heading=&#8221;Jewelry with its own name&#8221; button_link=&#8221;https:\/\/santoslara.com\/tienda-2\/&#8221; _builder_version=&#8221;4.24.2&#8243; _module_preset=&#8221;default&#8221; header_text_color=&#8221;#FFFFFF&#8221; background_color=&#8221;#198B91&#8243; background_enable_color=&#8221;on&#8221; background_image=&#8221;https:\/\/santoslara.com\/wp-content\/uploads\/2024\/06\/colgantes-de-plata-de-santos-lara-arte-y-joyas-1.png&#8221; background_enable_image=&#8221;on&#8221; custom_button=&#8221;on&#8221; button_text_color=&#8221;#FFFFFF&#8221; button_bg_color=&#8221;#F68A85&#8243; text_orientation=&#8221;left&#8221; text_shadow_style=&#8221;preset1&#8243; text_shadow_horizontal_length=&#8221;0.27em&#8221; text_shadow_vertical_length=&#8221;0.02em&#8221; text_shadow_color=&#8221;#000000&#8243; locked=&#8221;off&#8221; global_colors_info=&#8221;{}&#8221; sticky_transition=&#8221;on&#8221;][\/et_pb_slide][et_pb_slide heading=&#8221;Pure Craftsmanship &#8221; button_link=&#8221;https:\/\/santoslara.com\/tienda-2\/&#8221; _builder_version=&#8221;4.24.2&#8243; _module_preset=&#8221;default&#8221; header_text_color=&#8221;#FFFFFF&#8221; header_font_size=&#8221;40px&#8221; header_letter_spacing=&#8221;0px&#8221; background_enable_color=&#8221;off&#8221; background_image=&#8221;https:\/\/santoslara.com\/wp-content\/uploads\/2024\/06\/colgante-de-esferas-con-super-labradorita-mulicolor-de-calidad-1.png&#8221; background_enable_image=&#8221;on&#8221; custom_button=&#8221;on&#8221; button_text_color=&#8221;#FFFFFF&#8221; button_bg_color=&#8221;#F68A85&#8243; text_orientation=&#8221;right&#8221; header_text_shadow_style=&#8221;preset2&#8243; header_text_shadow_blur_strength=&#8221;0.15em&#8221; header_text_shadow_color=&#8221;#000000&#8243; locked=&#8221;off&#8221; global_colors_info=&#8221;{}&#8221; sticky_transition=&#8221;on&#8221;][\/et_pb_slide][et_pb_slide heading=&#8221;unique, original and different jewelry&#8221; button_link=&#8221;https:\/\/santoslara.com\/tienda-2\/&#8221; _builder_version=&#8221;4.24.2&#8243; _module_preset=&#8221;default&#8221; header_text_color=&#8221;#FFFFFF&#8221; header_font_size=&#8221;38px&#8221; background_enable_color=&#8221;off&#8221; background_image=&#8221;https:\/\/santoslara.com\/wp-content\/uploads\/2024\/06\/colgante-de-llamas-con-mokaita-hecho-artesanamente-por-santos-lara-1.png&#8221; background_enable_image=&#8221;on&#8221; custom_button=&#8221;on&#8221; button_text_color=&#8221;#FFFFFF&#8221; button_bg_color=&#8221;#F68A85&#8243; text_orientation=&#8221;right&#8221; text_shadow_style=&#8221;preset2&#8243; text_shadow_color=&#8221;#000000&#8243; locked=&#8221;off&#8221; global_colors_info=&#8221;{}&#8221; sticky_transition=&#8221;on&#8221;][\/et_pb_slide][\/et_pb_fullwidth_slider][\/et_pb_section][et_pb_section fb_built=&#8221;1&#8243; fullwidth=&#8221;on&#8221; disabled_on=&#8221;off|off|on&#8221; _builder_version=&#8221;4.24.2&#8243; _module_preset=&#8221;default&#8221; locked=&#8221;off&#8221; global_colors_info=&#8221;{}&#8221;][et_pb_fullwidth_slider _builder_version=&#8221;4.24.2&#8243; _module_preset=&#8221;default&#8221; background_enable_color=&#8221;off&#8221; custom_padding=&#8221;187px||0px|||&#8221; link_option_url=&#8221;https:\/\/santoslara.com\/tienda-2\/&#8221; global_colors_info=&#8221;{}&#8221;][et_pb_slide heading=&#8221;Jewelry with its own name&#8221; button_link=&#8221;https:\/\/santoslara.com\/tienda-2\/&#8221; _builder_version=&#8221;4.24.2&#8243; _module_preset=&#8221;default&#8221; header_text_color=&#8221;#FFFFFF&#8221; background_color=&#8221;#198B91&#8243; background_enable_color=&#8221;on&#8221; background_image=&#8221;https:\/\/santoslara.com\/wp-content\/uploads\/2024\/06\/colgantes-de-plata-de-santos-lara-arte-y-joyas-1.png&#8221; background_enable_image=&#8221;on&#8221; custom_button=&#8221;on&#8221; button_text_color=&#8221;#FFFFFF&#8221; button_bg_color=&#8221;#F68A85&#8243; text_orientation=&#8221;left&#8221; text_shadow_style=&#8221;preset1&#8243; text_shadow_horizontal_length=&#8221;0.27em&#8221; text_shadow_vertical_length=&#8221;0.02em&#8221; text_shadow_color=&#8221;#000000&#8243; global_colors_info=&#8221;{}&#8221; sticky_transition=&#8221;on&#8221;][\/et_pb_slide][et_pb_slide heading=&#8221;Pure Craftsmanship &#8221; button_link=&#8221;https:\/\/santoslara.com\/tienda-2\/&#8221; _builder_version=&#8221;4.24.2&#8243; _module_preset=&#8221;default&#8221; header_text_color=&#8221;#FFFFFF&#8221; header_font_size=&#8221;40px&#8221; header_letter_spacing=&#8221;0px&#8221; background_enable_color=&#8221;off&#8221; background_image=&#8221;https:\/\/santoslara.com\/wp-content\/uploads\/2024\/06\/colgante-de-esferas-con-super-labradorita-mulicolor-de-calidad-1.png&#8221; background_enable_image=&#8221;on&#8221; custom_button=&#8221;on&#8221; button_text_color=&#8221;#FFFFFF&#8221; button_bg_color=&#8221;#F68A85&#8243; text_orientation=&#8221;right&#8221; header_text_shadow_style=&#8221;preset2&#8243; header_text_shadow_blur_strength=&#8221;0.15em&#8221; header_text_shadow_color=&#8221;#000000&#8243; global_colors_info=&#8221;{}&#8221; sticky_transition=&#8221;on&#8221;][\/et_pb_slide][et_pb_slide heading=&#8221;unique, original and different jewelry&#8221; button_link=&#8221;https:\/\/santoslara.com\/tienda-2\/&#8221; _builder_version=&#8221;4.24.2&#8243; _module_preset=&#8221;default&#8221; header_text_color=&#8221;#FFFFFF&#8221; header_font_size=&#8221;38px&#8221; background_enable_color=&#8221;off&#8221; background_image=&#8221;https:\/\/santoslara.com\/wp-content\/uploads\/2024\/06\/colgante-de-llamas-con-mokaita-hecho-artesanamente-por-santos-lara-1.png&#8221; background_enable_image=&#8221;on&#8221; custom_button=&#8221;on&#8221; button_text_color=&#8221;#FFFFFF&#8221; button_bg_color=&#8221;#F68A85&#8243; text_orientation=&#8221;right&#8221; text_shadow_style=&#8221;preset2&#8243; text_shadow_color=&#8221;#000000&#8243; global_colors_info=&#8221;{}&#8221; sticky_transition=&#8221;on&#8221;][\/et_pb_slide][\/et_pb_fullwidth_slider][\/et_pb_section][et_pb_section fb_built=&#8221;1&#8243; fullwidth=&#8221;on&#8221; disabled_on=&#8221;off|off|on&#8221; _builder_version=&#8221;4.16&#8243; _module_preset=&#8221;default&#8221; global_colors_info=&#8221;{}&#8221;][\/et_pb_section][et_pb_section fb_built=&#8221;1&#8243; prev_background_color=&#8221;#ffffff&#8221; next_background_color=&#8221;#ffffff&#8221; _builder_version=&#8221;4.16&#8243; background_color=&#8221;#e2e2e2&#8243; use_background_color_gradient=&#8221;on&#8221; background_color_gradient_stops=&#8221;#ffffff 0%|#f6ba85 100%&#8221; background_color_gradient_start=&#8221;#ffffff&#8221; background_color_gradient_end=&#8221;#f6ba85&#8243; min_height=&#8221;341px&#8221; custom_padding=&#8221;121px||112px|||&#8221; top_divider_style=&#8221;arrow3&#8243; bottom_divider_style=&#8221;arrow3&#8243; global_colors_info=&#8221;{}&#8221;][et_pb_row module_id=&#8221;ejemplo2&#8243; _builder_version=&#8221;4.16&#8243; global_colors_info=&#8221;{}&#8221;][et_pb_column type=&#8221;4_4&#8243; _builder_version=&#8221;4.16&#8243; custom_padding=&#8221;|||&#8221; global_colors_info=&#8221;{}&#8221; custom_padding__hover=&#8221;|||&#8221;][et_pb_blurb _builder_version=&#8221;4.24.2&#8243; custom_padding=&#8221;0px|||||&#8221; global_colors_info=&#8221;{}&#8221;]<\/p>\n<h3 style=\"text-align: center;\">All the jewels on display are handcrafted and set with natural stones, each one with its own characteristics, colors and veins. That is why each pendant on display is unique, original and different.<\/h3>\n<p>[\/et_pb_blurb][\/et_pb_column][\/et_pb_row][\/et_pb_section][et_pb_section fb_built=&#8221;1&#8243; module_id=&#8221;ejemplo2&#8243; _builder_version=&#8221;4.16&#8243; custom_padding=&#8221;155px|||||&#8221; global_colors_info=&#8221;{}&#8221;][et_pb_row module_id=&#8221;PlataOval&#8221; _builder_version=&#8221;4.16&#8243; background_size=&#8221;initial&#8221; background_position=&#8221;top_left&#8221; background_repeat=&#8221;repeat&#8221; width=&#8221;85%&#8221; max_width=&#8221;2076px&#8221; module_alignment=&#8221;center&#8221; global_colors_info=&#8221;{}&#8221;][et_pb_column type=&#8221;4_4&#8243; _builder_version=&#8221;4.16&#8243; custom_padding=&#8221;|||&#8221; global_colors_info=&#8221;{}&#8221; custom_padding__hover=&#8221;|||&#8221;][et_pb_shop type=&#8221;product_category&#8221; posts_number=&#8221;50&#8243; include_categories=&#8221;68,93,92,91&#8243; columns_number=&#8221;4&#8243; orderby=&#8221;date-desc&#8221; module_id=&#8221;PlataOval&#8221; _builder_version=&#8221;4.16&#8243; price_text_color=&#8221;#f43d33&#8243; box_shadow_style_image=&#8221;preset1&#8243; box_shadow_horizontal_image=&#8221;1px&#8221; box_shadow_blur_image=&#8221;19px&#8221; global_colors_info=&#8221;{}&#8221;]&nbsp;<br \/>\n[\/et_pb_shop][\/et_pb_column][\/et_pb_row][\/et_pb_section][et_pb_section fb_built=&#8221;1&#8243; admin_label=&#8221;section&#8221; _builder_version=&#8221;4.16&#8243; custom_padding=&#8221;156px|||||&#8221; global_colors_info=&#8221;{}&#8221;][et_pb_row admin_label=&#8221;row&#8221; module_id=&#8221;Ovales&#8221; _builder_version=&#8221;4.16&#8243; background_size=&#8221;initial&#8221; background_position=&#8221;top_left&#8221; background_repeat=&#8221;repeat&#8221; width=&#8221;85%&#8221; max_width=&#8221;2090px&#8221; module_alignment=&#8221;center&#8221; global_colors_info=&#8221;{}&#8221;][et_pb_column type=&#8221;4_4&#8243; _builder_version=&#8221;4.16&#8243; custom_padding=&#8221;|||&#8221; global_colors_info=&#8221;{}&#8221; custom_padding__hover=&#8221;|||&#8221;][et_pb_shop type=&#8221;product_category&#8221; include_categories=&#8221;69&#8243; columns_number=&#8221;4&#8243; orderby=&#8221;price&#8221; admin_label=&#8221;Shop&#8221; module_id=&#8221;ejemplo&#8221; _builder_version=&#8221;4.16&#8243; global_colors_info=&#8221;{}&#8221;]&nbsp;<br \/>\n[\/et_pb_shop][\/et_pb_column][\/et_pb_row][\/et_pb_section][et_pb_section fb_built=&#8221;1&#8243; prev_background_color=&#8221;#ffffff&#8221; next_background_color=&#8221;#ffffff&#8221; _builder_version=&#8221;4.16&#8243; background_color=&#8221;#e2e2e2&#8243; use_background_color_gradient=&#8221;on&#8221; background_color_gradient_stops=&#8221;#ffffff 0%|#f6ba85 100%&#8221; background_color_gradient_start=&#8221;#ffffff&#8221; background_color_gradient_end=&#8221;#f6ba85&#8243; custom_padding=&#8221;121px||112px|||&#8221; top_divider_style=&#8221;arrow3&#8243; bottom_divider_style=&#8221;arrow3&#8243; global_colors_info=&#8221;{}&#8221;][et_pb_row module_id=&#8221;ejemplo2&#8243; _builder_version=&#8221;4.16&#8243; global_colors_info=&#8221;{}&#8221;][et_pb_column type=&#8221;4_4&#8243; _builder_version=&#8221;4.16&#8243; custom_padding=&#8221;|||&#8221; global_colors_info=&#8221;{}&#8221; custom_padding__hover=&#8221;|||&#8221;][et_pb_blurb _builder_version=&#8221;4.17.3&#8243; global_colors_info=&#8221;{}&#8221;]<\/p>\n<h3 style=\"text-align: center;\">More items will be added to the collection in the near future.<\/h3>\n<p>[\/et_pb_blurb][\/et_pb_column][\/et_pb_row][\/et_pb_section][et_pb_section fb_built=&#8221;1&#8243; _builder_version=&#8221;4.16&#8243; global_colors_info=&#8221;{}&#8221;][\/et_pb_section][et_pb_section fb_built=&#8221;1&#8243; prev_background_color=&#8221;#ffffff&#8221; admin_label=&#8221;section&#8221; _builder_version=&#8221;4.24.2&#8243; background_color=&#8221;#67BF74&#8243; background_image=&#8221;https:\/\/santoslara.com\/wp-content\/uploads\/2024\/03\/PEN-05-Z.png&#8221; background_blend=&#8221;multiply&#8221; top_divider_style=&#8221;slant2&#8243; hover_enabled=&#8221;0&#8243; global_colors_info=&#8221;{}&#8221; title_text=&#8221;PEN-05-Z&#8221; sticky_enabled=&#8221;0&#8243;][et_pb_row admin_label=&#8221;row&#8221; module_id=&#8221;#PlataEstrellas&#8221; _builder_version=&#8221;4.16&#8243; background_size=&#8221;initial&#8221; background_position=&#8221;top_left&#8221; background_repeat=&#8221;repeat&#8221; custom_margin=&#8221;121px|auto||auto||&#8221; global_colors_info=&#8221;{}&#8221;][et_pb_column type=&#8221;4_4&#8243; _builder_version=&#8221;4.16&#8243; custom_padding=&#8221;|||&#8221; global_colors_info=&#8221;{}&#8221; custom_padding__hover=&#8221;|||&#8221;][et_pb_cta title=&#8221;You can also see my section of&#8221; button_url=&#8221;https:\/\/santoslara.com\/en\/pendientes\/&#8221; button_text=&#8221;Earrings&#8221; admin_label=&#8221;Call To Action&#8221; _builder_version=&#8221;4.17.3&#8243; use_background_color=&#8221;off&#8221; background_size=&#8221;initial&#8221; background_position=&#8221;top_left&#8221; background_repeat=&#8221;repeat&#8221; global_colors_info=&#8221;{}&#8221; button_text_size__hover_enabled=&#8221;off&#8221; button_one_text_size__hover_enabled=&#8221;off&#8221; button_two_text_size__hover_enabled=&#8221;off&#8221; button_text_color__hover_enabled=&#8221;off&#8221; button_one_text_color__hover_enabled=&#8221;off&#8221; button_two_text_color__hover_enabled=&#8221;off&#8221; button_border_width__hover_enabled=&#8221;off&#8221; button_one_border_width__hover_enabled=&#8221;off&#8221; button_two_border_width__hover_enabled=&#8221;off&#8221; button_border_color__hover_enabled=&#8221;off&#8221; button_one_border_color__hover_enabled=&#8221;off&#8221; button_two_border_color__hover_enabled=&#8221;off&#8221; button_border_radius__hover_enabled=&#8221;off&#8221; button_one_border_radius__hover_enabled=&#8221;off&#8221; button_two_border_radius__hover_enabled=&#8221;off&#8221; button_letter_spacing__hover_enabled=&#8221;off&#8221; button_one_letter_spacing__hover_enabled=&#8221;off&#8221; button_two_letter_spacing__hover_enabled=&#8221;off&#8221; button_bg_color__hover_enabled=&#8221;off&#8221; button_one_bg_color__hover_enabled=&#8221;off&#8221; button_two_bg_color__hover_enabled=&#8221;off&#8221;][\/et_pb_cta][\/et_pb_column][\/et_pb_row][\/et_pb_section]<\/p>\n","protected":false},"excerpt":{"rendered":"<p>All the jewels on display are handcrafted and set with natural stones, each one with its own characteristics, colors and veins. That is why each pendant on display is unique, original and different.&nbsp; &nbsp; More items will be added to the collection in the near future.<\/p>\n","protected":false},"author":1,"featured_media":0,"parent":0,"menu_order":0,"comment_status":"closed","ping_status":"closed","template":"","meta":{"_et_pb_use_builder":"on","_et_pb_old_content":"","_et_gb_content_width":"","footnotes":""},"class_list":["post-3598","page","type-page","status-publish","hentry"],"yoast_head":"<!-- This site is optimized with the Yoast SEO plugin v26.1.1 - https:\/\/yoast.com\/wordpress\/plugins\/seo\/ -->\n<title>Santos Lara - Colgantes artesanales de moda<\/title>\n<meta name=\"description\" content=\"Colgantes de fabricaci\u00f3n artesanal en Plata y Oro de Ley, por un experto joyero de artesan\u00eda local en Alcorc\u00f3n, Madrid. Dise\u00f1o y elegancia en joyas\" \/>\n<meta name=\"robots\" content=\"index, follow, max-snippet:-1, max-image-preview:large, max-video-preview:-1\" \/>\n<link rel=\"canonical\" href=\"https:\/\/santoslara.com\/en\/colgantes\/\" \/>\n<meta property=\"og:locale\" content=\"en_US\" \/>\n<meta property=\"og:type\" content=\"article\" \/>\n<meta property=\"og:title\" content=\"Santos Lara - Colgantes artesanales de moda\" \/>\n<meta property=\"og:description\" content=\"Colgantes de fabricaci\u00f3n artesanal en Plata y Oro de Ley, por un experto joyero de artesan\u00eda local en Alcorc\u00f3n, Madrid. Dise\u00f1o y elegancia en joyas\" \/>\n<meta property=\"og:url\" content=\"https:\/\/santoslara.com\/en\/colgantes\/\" \/>\n<meta property=\"og:site_name\" content=\"Santos Lara\" \/>\n<meta property=\"article:modified_time\" content=\"2024-09-07T20:33:34+00:00\" \/>\n<meta name=\"twitter:card\" content=\"summary_large_image\" \/>\n<meta name=\"twitter:label1\" content=\"Est. reading time\" \/>\n\t<meta name=\"twitter:data1\" content=\"9 minutes\" \/>\n<script type=\"application\/ld+json\" class=\"yoast-schema-graph\">{\"@context\":\"https:\/\/schema.org\",\"@graph\":[{\"@type\":\"WebPage\",\"@id\":\"https:\/\/santoslara.com\/en\/colgantes\/\",\"url\":\"https:\/\/santoslara.com\/en\/colgantes\/\",\"name\":\"Santos Lara - Colgantes artesanales de moda\",\"isPartOf\":{\"@id\":\"https:\/\/santoslara.com\/en\/#website\"},\"datePublished\":\"2017-01-26T18:48:43+00:00\",\"dateModified\":\"2024-09-07T20:33:34+00:00\",\"description\":\"Colgantes de fabricaci\u00f3n artesanal en Plata y Oro de Ley, por un experto joyero de artesan\u00eda local en Alcorc\u00f3n, Madrid. Dise\u00f1o y elegancia en joyas\",\"breadcrumb\":{\"@id\":\"https:\/\/santoslara.com\/en\/colgantes\/#breadcrumb\"},\"inLanguage\":\"en-US\",\"potentialAction\":[{\"@type\":\"ReadAction\",\"target\":[\"https:\/\/santoslara.com\/en\/colgantes\/\"]}]},{\"@type\":\"BreadcrumbList\",\"@id\":\"https:\/\/santoslara.com\/en\/colgantes\/#breadcrumb\",\"itemListElement\":[{\"@type\":\"ListItem\",\"position\":1,\"name\":\"Portada\",\"item\":\"https:\/\/santoslara.com\/en\/inicio\/\"},{\"@type\":\"ListItem\",\"position\":2,\"name\":\"Pendants\"}]},{\"@type\":\"WebSite\",\"@id\":\"https:\/\/santoslara.com\/en\/#website\",\"url\":\"https:\/\/santoslara.com\/en\/\",\"name\":\"Santos Lara\",\"description\":\"Arte y Joyas\",\"publisher\":{\"@id\":\"https:\/\/santoslara.com\/en\/#\/schema\/person\/34d0b3aed668e756d65879f57dd92e94\"},\"potentialAction\":[{\"@type\":\"SearchAction\",\"target\":{\"@type\":\"EntryPoint\",\"urlTemplate\":\"https:\/\/santoslara.com\/en\/?s={search_term_string}\"},\"query-input\":{\"@type\":\"PropertyValueSpecification\",\"valueRequired\":true,\"valueName\":\"search_term_string\"}}],\"inLanguage\":\"en-US\"},{\"@type\":[\"Person\",\"Organization\"],\"@id\":\"https:\/\/santoslara.com\/en\/#\/schema\/person\/34d0b3aed668e756d65879f57dd92e94\",\"name\":\"SantosCarolina\",\"logo\":{\"@id\":\"https:\/\/santoslara.com\/en\/#\/schema\/person\/image\/\"}}]}<\/script>\n<!-- \/ Yoast SEO plugin. -->","yoast_head_json":{"title":"Santos Lara - Colgantes artesanales de moda","description":"Colgantes de fabricaci\u00f3n artesanal en Plata y Oro de Ley, por un experto joyero de artesan\u00eda local en Alcorc\u00f3n, Madrid. Dise\u00f1o y elegancia en joyas","robots":{"index":"index","follow":"follow","max-snippet":"max-snippet:-1","max-image-preview":"max-image-preview:large","max-video-preview":"max-video-preview:-1"},"canonical":"https:\/\/santoslara.com\/en\/colgantes\/","og_locale":"en_US","og_type":"article","og_title":"Santos Lara - Colgantes artesanales de moda","og_description":"Colgantes de fabricaci\u00f3n artesanal en Plata y Oro de Ley, por un experto joyero de artesan\u00eda local en Alcorc\u00f3n, Madrid. Dise\u00f1o y elegancia en joyas","og_url":"https:\/\/santoslara.com\/en\/colgantes\/","og_site_name":"Santos Lara","article_modified_time":"2024-09-07T20:33:34+00:00","twitter_card":"summary_large_image","twitter_misc":{"Est. reading time":"9 minutes"},"schema":{"@context":"https:\/\/schema.org","@graph":[{"@type":"WebPage","@id":"https:\/\/santoslara.com\/en\/colgantes\/","url":"https:\/\/santoslara.com\/en\/colgantes\/","name":"Santos Lara - Colgantes artesanales de moda","isPartOf":{"@id":"https:\/\/santoslara.com\/en\/#website"},"datePublished":"2017-01-26T18:48:43+00:00","dateModified":"2024-09-07T20:33:34+00:00","description":"Colgantes de fabricaci\u00f3n artesanal en Plata y Oro de Ley, por un experto joyero de artesan\u00eda local en Alcorc\u00f3n, Madrid. Dise\u00f1o y elegancia en joyas","breadcrumb":{"@id":"https:\/\/santoslara.com\/en\/colgantes\/#breadcrumb"},"inLanguage":"en-US","potentialAction":[{"@type":"ReadAction","target":["https:\/\/santoslara.com\/en\/colgantes\/"]}]},{"@type":"BreadcrumbList","@id":"https:\/\/santoslara.com\/en\/colgantes\/#breadcrumb","itemListElement":[{"@type":"ListItem","position":1,"name":"Portada","item":"https:\/\/santoslara.com\/en\/inicio\/"},{"@type":"ListItem","position":2,"name":"Pendants"}]},{"@type":"WebSite","@id":"https:\/\/santoslara.com\/en\/#website","url":"https:\/\/santoslara.com\/en\/","name":"Santos Lara","description":"Arte y Joyas","publisher":{"@id":"https:\/\/santoslara.com\/en\/#\/schema\/person\/34d0b3aed668e756d65879f57dd92e94"},"potentialAction":[{"@type":"SearchAction","target":{"@type":"EntryPoint","urlTemplate":"https:\/\/santoslara.com\/en\/?s={search_term_string}"},"query-input":{"@type":"PropertyValueSpecification","valueRequired":true,"valueName":"search_term_string"}}],"inLanguage":"en-US"},{"@type":["Person","Organization"],"@id":"https:\/\/santoslara.com\/en\/#\/schema\/person\/34d0b3aed668e756d65879f57dd92e94","name":"SantosCarolina","logo":{"@id":"https:\/\/santoslara.com\/en\/#\/schema\/person\/image\/"}}]}},"_links":{"self":[{"href":"https:\/\/santoslara.com\/en\/wp-json\/wp\/v2\/pages\/3598","targetHints":{"allow":["GET"]}}],"collection":[{"href":"https:\/\/santoslara.com\/en\/wp-json\/wp\/v2\/pages"}],"about":[{"href":"https:\/\/santoslara.com\/en\/wp-json\/wp\/v2\/types\/page"}],"author":[{"embeddable":true,"href":"https:\/\/santoslara.com\/en\/wp-json\/wp\/v2\/users\/1"}],"replies":[{"embeddable":true,"href":"https:\/\/santoslara.com\/en\/wp-json\/wp\/v2\/comments?post=3598"}],"version-history":[{"count":28,"href":"https:\/\/santoslara.com\/en\/wp-json\/wp\/v2\/pages\/3598\/revisions"}],"predecessor-version":[{"id":5581,"href":"https:\/\/santoslara.com\/en\/wp-json\/wp\/v2\/pages\/3598\/revisions\/5581"}],"wp:attachment":[{"href":"https:\/\/santoslara.com\/en\/wp-json\/wp\/v2\/media?parent=3598"}],"curies":[{"name":"wp","href":"https:\/\/api.w.org\/{rel}","templated":true}]}}