{"id":3505,"date":"2021-08-31T17:07:13","date_gmt":"2021-08-31T17:07:13","guid":{"rendered":"https:\/\/santoslara.com\/?page_id=3505\/"},"modified":"2021-08-31T17:12:56","modified_gmt":"2021-08-31T17:12:56","slug":"legal-notice","status":"publish","type":"page","link":"https:\/\/santoslara.com\/en\/legal-notice\/","title":{"rendered":"Legal Notice"},"content":{"rendered":"<p>[et_pb_section fb_built=&#8221;1&#8243; admin_label=&#8221;section&#8221; _builder_version=&#8221;3.22&#8243; custom_padding=&#8221;||103px|||&#8221;][et_pb_row admin_label=&#8221;row&#8221; _builder_version=&#8221;3.25&#8243; background_size=&#8221;initial&#8221; background_position=&#8221;top_left&#8221; background_repeat=&#8221;repeat&#8221; custom_margin=&#8221;|auto|148px|auto||&#8221;][et_pb_column type=&#8221;4_4&#8243; _builder_version=&#8221;3.25&#8243; custom_padding=&#8221;|||&#8221; custom_padding__hover=&#8221;|||&#8221;][et_pb_text admin_label=&#8221;Text&#8221; _builder_version=&#8221;4.9.7&#8243; text_font_size=&#8221;16px&#8221; header_font_size=&#8221;50px&#8221; background_size=&#8221;initial&#8221; background_position=&#8221;top_left&#8221; background_repeat=&#8221;repeat&#8221;]<\/p>\n<h1 style=\"text-align: center;\">Legal Notice<\/h1>\n<p>&nbsp;<\/p>\n<p style=\"text-align: justify;\">\n<p style=\"text-align: justify;\">In compliance with the duty of information contained in article 10 of Law 34\/2002, of 11 July, on Information Society Services and Electronic Commerce (LSSICE), the owner of the website santoslara.com, informs you of the following:<\/p>\n<p style=\"text-align: justify;\">Company name: Santos Lara S\u00e1nchez<\/p>\n<p style=\"text-align: justify;\">NIF: 46934162V<\/p>\n<p style=\"text-align: justify;\">Email: contacto@santoslara.com<\/p>\n<p style=\"text-align: justify;\">With the limits established by law, santoslara.com does not assume any responsibility derived from the lack of veracity, integrity, updating and precision of the data or information contained in its Internet pages.<\/p>\n<p style=\"text-align: justify;\">The contents and information do not bind santoslara.com nor do they constitute opinions, advices or legal advice of any type since it is merely a service offered with informative and divulgative character.<\/p>\n<p style=\"text-align: justify;\">The Internet pages of santoslara.com can contain links to other pages of third parties that santoslara.com cannot control. Therefore, santoslara.com cannot assume responsibilities for the content that can appear in pages of third parties.<\/p>\n<p style=\"text-align: justify;\">The texts, images, sounds, animations, software and the rest of the contents included in this website are exclusive property of santoslara.com or its licensors. Any act of transmission, distribution, cession, reproduction, storage or total or partial public communication, must have the express consent of santoslara.com.<\/p>\n<p style=\"text-align: justify;\">Also, to access to some of the services that santoslara.com offers through the website will have to provide some personal data. In compliance with the provisions of Regulation (EU) 2016\/679 of the European Parliament and of the Council of 27 April 2016 on the protection of natural persons with regard to the processing of personal data and the free movement of such data, we inform you that, by completing these forms, your personal data will be included and processed in the files of Santos Lara S\u00e1nchez in order to provide and offer you our services and to inform you of improvements to the website. We also inform you of the possibility of exercising your rights of access, rectification, cancellation and opposition of your personal data, free of charge, by sending an email to <strong><span style=\"color: #198b91;\">contacto@santoslara.com<\/span><\/strong>.<\/p>\n<p>[\/et_pb_text][\/et_pb_column][\/et_pb_row][\/et_pb_section]<\/p>\n","protected":false},"excerpt":{"rendered":"<p>Legal Notice &nbsp; In compliance with the duty of information contained in article 10 of Law 34\/2002, of 11 July, on Information Society Services and Electronic Commerce (LSSICE), the owner of the website santoslara.com, informs you of the following: Company name: Santos Lara S\u00e1nchez NIF: 46934162V Email: contacto@santoslara.com With the limits established by law, santoslara.com [&hellip;]<\/p>\n","protected":false},"author":1,"featured_media":0,"parent":0,"menu_order":0,"comment_status":"closed","ping_status":"closed","template":"","meta":{"_et_pb_use_builder":"on","_et_pb_old_content":"En cumplimiento con el deber de informaci\u00f3n recogido en art\u00edculo 10 de la Ley 34\/2002, de 11 de julio, de Servicios de la Sociedad de la Informaci\u00f3n y del Comercio Electr\u00f3nico (LSSICE), el propietario de la web santoslara.com, le informa de lo siguiente:\n<ul>\n \t<li>Denominaci\u00f3n social: Santos Lara S\u00e1nchez<\/li>\n \t<li>NIF: 46934162V<\/li>\n \t<li>Email: contacto@santoslara.com<\/li>\n<\/ul>\nCon los l\u00edmites establecidos en la ley, santoslara.com no asume ninguna responsabilidad derivada de la falta de veracidad, integridad, actualizaci\u00f3n y precisi\u00f3n de los datos o informaciones que se contienen en sus p\u00e1ginas de Internet.\n\nLos contenidos e informaci\u00f3n no vinculan a santoslara.com ni constituyen opiniones, consejos o asesoramiento legal de ning\u00fan tipo pues se trata meramente de un servicio ofrecido con car\u00e1cter informativo y divulgativo.\n\nLas p\u00e1ginas de Internet de santoslara.com pueden contener enlaces (links) a otras p\u00e1ginas de terceras partes que santoslara.com no puede controlar. Por lo tanto, santoslara.com no puede asumir responsabilidades por el contenido que pueda aparecer en p\u00e1ginas de terceros.\n\nLos textos, im\u00e1genes, sonidos, animaciones, software y el resto de contenidos incluidos en este website son propiedad exclusiva de santoslara.com o sus licenciantes. Cualquier acto de transmisi\u00f3n, distribuci\u00f3n, cesi\u00f3n, reproducci\u00f3n, almacenamiento o comunicaci\u00f3n p\u00fablica total o parcial, debe contar con el consentimiento expreso de santoslara.com.\n\nAsimismo, para acceder a algunos de los servicios que santoslara.com ofrece a trav\u00e9s del website deber\u00e1 proporcionar algunos datos de car\u00e1cter personal. En cumplimiento de lo establecido en el Reglamento (UE) 2016\/679 del Parlamento Europeo y del Consejo, de 27 de abril de 2016, relativo a la protecci\u00f3n de las personas f\u00edsicas en lo que respecta al tratamiento de datos personales y a la libre circulaci\u00f3n de estos datos le informamos que, mediante la cumplimentaci\u00f3n de los presentes formularios, sus datos personales quedar\u00e1n incorporados y ser\u00e1n tratados en los ficheros de Santos Lara S\u00e1nchez con el fin de poderle prestar y ofrecer nuestros servicios as\u00ed como para informarle de las mejoras del sitio Web. Asimismo, le informamos de la posibilidad de que ejerza los derechos de acceso, rectificaci\u00f3n, cancelaci\u00f3n y oposici\u00f3n de sus datos de car\u00e1cter personal, manera gratuita mediante email a <a href=\"mailto:contacto@santoslara.com\">contacto@santoslara.com<\/a>","_et_gb_content_width":"","footnotes":""},"class_list":["post-3505","page","type-page","status-publish","hentry"],"yoast_head":"<!-- This site is optimized with the Yoast SEO plugin v26.1.1 - https:\/\/yoast.com\/wordpress\/plugins\/seo\/ -->\n<title>Legal Notice - Santos Lara<\/title>\n<meta name=\"description\" content=\"En cumplimiento con el deber de informaci\u00f3n recogido en art\u00edculo 10 de la Ley 34\/2002, de 11 de julio, de Servicios de la Sociedad de la Informaci\u00f3n y del Comercio Electr\u00f3nico (LSSICE), el propietario de la web santoslara.com, le informa de lo siguiente\" \/>\n<meta name=\"robots\" content=\"index, follow, max-snippet:-1, max-image-preview:large, max-video-preview:-1\" \/>\n<link rel=\"canonical\" href=\"https:\/\/santoslara.com\/en\/legal-notice\/\" \/>\n<meta property=\"og:locale\" content=\"en_US\" \/>\n<meta property=\"og:type\" content=\"article\" \/>\n<meta property=\"og:title\" content=\"Legal Notice - Santos Lara\" \/>\n<meta property=\"og:description\" content=\"En cumplimiento con el deber de informaci\u00f3n recogido en art\u00edculo 10 de la Ley 34\/2002, de 11 de julio, de Servicios de la Sociedad de la Informaci\u00f3n y del Comercio Electr\u00f3nico (LSSICE), el propietario de la web santoslara.com, le informa de lo siguiente\" \/>\n<meta property=\"og:url\" content=\"https:\/\/santoslara.com\/en\/legal-notice\/\" \/>\n<meta property=\"og:site_name\" content=\"Santos Lara\" \/>\n<meta property=\"article:modified_time\" content=\"2021-08-31T17:12:56+00:00\" \/>\n<meta name=\"twitter:card\" content=\"summary_large_image\" \/>\n<meta name=\"twitter:label1\" content=\"Est. reading time\" \/>\n\t<meta name=\"twitter:data1\" content=\"2 minutes\" \/>\n<script type=\"application\/ld+json\" class=\"yoast-schema-graph\">{\"@context\":\"https:\/\/schema.org\",\"@graph\":[{\"@type\":\"WebPage\",\"@id\":\"https:\/\/santoslara.com\/en\/legal-notice\/\",\"url\":\"https:\/\/santoslara.com\/en\/legal-notice\/\",\"name\":\"Legal Notice - Santos Lara\",\"isPartOf\":{\"@id\":\"https:\/\/santoslara.com\/en\/#website\"},\"datePublished\":\"2021-08-31T17:07:13+00:00\",\"dateModified\":\"2021-08-31T17:12:56+00:00\",\"description\":\"En cumplimiento con el deber de informaci\u00f3n recogido en art\u00edculo 10 de la Ley 34\/2002, de 11 de julio, de Servicios de la Sociedad de la Informaci\u00f3n y del Comercio Electr\u00f3nico (LSSICE), el propietario de la web santoslara.com, le informa de lo siguiente\",\"breadcrumb\":{\"@id\":\"https:\/\/santoslara.com\/en\/legal-notice\/#breadcrumb\"},\"inLanguage\":\"en-US\",\"potentialAction\":[{\"@type\":\"ReadAction\",\"target\":[\"https:\/\/santoslara.com\/en\/legal-notice\/\"]}]},{\"@type\":\"BreadcrumbList\",\"@id\":\"https:\/\/santoslara.com\/en\/legal-notice\/#breadcrumb\",\"itemListElement\":[{\"@type\":\"ListItem\",\"position\":1,\"name\":\"Portada\",\"item\":\"https:\/\/santoslara.com\/en\/inicio\/\"},{\"@type\":\"ListItem\",\"position\":2,\"name\":\"Legal Notice\"}]},{\"@type\":\"WebSite\",\"@id\":\"https:\/\/santoslara.com\/en\/#website\",\"url\":\"https:\/\/santoslara.com\/en\/\",\"name\":\"Santos Lara\",\"description\":\"Arte y Joyas\",\"publisher\":{\"@id\":\"https:\/\/santoslara.com\/en\/#\/schema\/person\/34d0b3aed668e756d65879f57dd92e94\"},\"potentialAction\":[{\"@type\":\"SearchAction\",\"target\":{\"@type\":\"EntryPoint\",\"urlTemplate\":\"https:\/\/santoslara.com\/en\/?s={search_term_string}\"},\"query-input\":{\"@type\":\"PropertyValueSpecification\",\"valueRequired\":true,\"valueName\":\"search_term_string\"}}],\"inLanguage\":\"en-US\"},{\"@type\":[\"Person\",\"Organization\"],\"@id\":\"https:\/\/santoslara.com\/en\/#\/schema\/person\/34d0b3aed668e756d65879f57dd92e94\",\"name\":\"SantosCarolina\",\"logo\":{\"@id\":\"https:\/\/santoslara.com\/en\/#\/schema\/person\/image\/\"}}]}<\/script>\n<!-- \/ Yoast SEO plugin. -->","yoast_head_json":{"title":"Legal Notice - Santos Lara","description":"En cumplimiento con el deber de informaci\u00f3n recogido en art\u00edculo 10 de la Ley 34\/2002, de 11 de julio, de Servicios de la Sociedad de la Informaci\u00f3n y del Comercio Electr\u00f3nico (LSSICE), el propietario de la web santoslara.com, le informa de lo siguiente","robots":{"index":"index","follow":"follow","max-snippet":"max-snippet:-1","max-image-preview":"max-image-preview:large","max-video-preview":"max-video-preview:-1"},"canonical":"https:\/\/santoslara.com\/en\/legal-notice\/","og_locale":"en_US","og_type":"article","og_title":"Legal Notice - Santos Lara","og_description":"En cumplimiento con el deber de informaci\u00f3n recogido en art\u00edculo 10 de la Ley 34\/2002, de 11 de julio, de Servicios de la Sociedad de la Informaci\u00f3n y del Comercio Electr\u00f3nico (LSSICE), el propietario de la web santoslara.com, le informa de lo siguiente","og_url":"https:\/\/santoslara.com\/en\/legal-notice\/","og_site_name":"Santos Lara","article_modified_time":"2021-08-31T17:12:56+00:00","twitter_card":"summary_large_image","twitter_misc":{"Est. reading time":"2 minutes"},"schema":{"@context":"https:\/\/schema.org","@graph":[{"@type":"WebPage","@id":"https:\/\/santoslara.com\/en\/legal-notice\/","url":"https:\/\/santoslara.com\/en\/legal-notice\/","name":"Legal Notice - Santos Lara","isPartOf":{"@id":"https:\/\/santoslara.com\/en\/#website"},"datePublished":"2021-08-31T17:07:13+00:00","dateModified":"2021-08-31T17:12:56+00:00","description":"En cumplimiento con el deber de informaci\u00f3n recogido en art\u00edculo 10 de la Ley 34\/2002, de 11 de julio, de Servicios de la Sociedad de la Informaci\u00f3n y del Comercio Electr\u00f3nico (LSSICE), el propietario de la web santoslara.com, le informa de lo siguiente","breadcrumb":{"@id":"https:\/\/santoslara.com\/en\/legal-notice\/#breadcrumb"},"inLanguage":"en-US","potentialAction":[{"@type":"ReadAction","target":["https:\/\/santoslara.com\/en\/legal-notice\/"]}]},{"@type":"BreadcrumbList","@id":"https:\/\/santoslara.com\/en\/legal-notice\/#breadcrumb","itemListElement":[{"@type":"ListItem","position":1,"name":"Portada","item":"https:\/\/santoslara.com\/en\/inicio\/"},{"@type":"ListItem","position":2,"name":"Legal Notice"}]},{"@type":"WebSite","@id":"https:\/\/santoslara.com\/en\/#website","url":"https:\/\/santoslara.com\/en\/","name":"Santos Lara","description":"Arte y Joyas","publisher":{"@id":"https:\/\/santoslara.com\/en\/#\/schema\/person\/34d0b3aed668e756d65879f57dd92e94"},"potentialAction":[{"@type":"SearchAction","target":{"@type":"EntryPoint","urlTemplate":"https:\/\/santoslara.com\/en\/?s={search_term_string}"},"query-input":{"@type":"PropertyValueSpecification","valueRequired":true,"valueName":"search_term_string"}}],"inLanguage":"en-US"},{"@type":["Person","Organization"],"@id":"https:\/\/santoslara.com\/en\/#\/schema\/person\/34d0b3aed668e756d65879f57dd92e94","name":"SantosCarolina","logo":{"@id":"https:\/\/santoslara.com\/en\/#\/schema\/person\/image\/"}}]}},"_links":{"self":[{"href":"https:\/\/santoslara.com\/en\/wp-json\/wp\/v2\/pages\/3505","targetHints":{"allow":["GET"]}}],"collection":[{"href":"https:\/\/santoslara.com\/en\/wp-json\/wp\/v2\/pages"}],"about":[{"href":"https:\/\/santoslara.com\/en\/wp-json\/wp\/v2\/types\/page"}],"author":[{"embeddable":true,"href":"https:\/\/santoslara.com\/en\/wp-json\/wp\/v2\/users\/1"}],"replies":[{"embeddable":true,"href":"https:\/\/santoslara.com\/en\/wp-json\/wp\/v2\/comments?post=3505"}],"version-history":[{"count":5,"href":"https:\/\/santoslara.com\/en\/wp-json\/wp\/v2\/pages\/3505\/revisions"}],"predecessor-version":[{"id":3516,"href":"https:\/\/santoslara.com\/en\/wp-json\/wp\/v2\/pages\/3505\/revisions\/3516"}],"wp:attachment":[{"href":"https:\/\/santoslara.com\/en\/wp-json\/wp\/v2\/media?parent=3505"}],"curies":[{"name":"wp","href":"https:\/\/api.w.org\/{rel}","templated":true}]}}